{"id":783,"date":"2025-09-02T18:31:31","date_gmt":"2025-09-02T18:31:31","guid":{"rendered":"https:\/\/gpopremier.com\/?page_id=783"},"modified":"2025-09-12T23:29:29","modified_gmt":"2025-09-12T23:29:29","slug":"premier-rojo","status":"publish","type":"page","link":"https:\/\/gpopremier.com\/en\/premier-rojo\/","title":{"rendered":"Premier Rojo"},"content":{"rendered":"<div data-elementor-type=\"wp-page\" data-elementor-id=\"783\" class=\"elementor elementor-783\" data-elementor-post-type=\"page\">\n\t\t\t\t<div class=\"elementor-element elementor-element-35c559b e-con-full e-flex e-con e-parent\" data-id=\"35c559b\" data-element_type=\"container\">\n\t\t\t\t<div class=\"elementor-element elementor-element-8fcf33b elementor-hidden-desktop elementor-hidden-laptop elementor-widget elementor-widget-image\" data-id=\"8fcf33b\" data-element_type=\"widget\" data-widget_type=\"image.default\">\n\t\t\t\t<div class=\"elementor-widget-container\">\n\t\t\t\t\t\t\t\t\t\t\t\t\t\t\t<img fetchpriority=\"high\" decoding=\"async\" width=\"2086\" height=\"742\" src=\"https:\/\/gpopremier.com\/wp-content\/uploads\/2025\/09\/premier-ingles-1.webp\" class=\"attachment-full size-full wp-image-5196\" alt=\"\" srcset=\"https:\/\/gpopremier.com\/wp-content\/uploads\/2025\/09\/premier-ingles-1.webp 1698w, https:\/\/gpopremier.com\/wp-content\/uploads\/2025\/09\/premier-ingles-1-600x248.webp 600w, https:\/\/gpopremier.com\/wp-content\/uploads\/2025\/09\/premier-ingles-1-300x124.webp 300w, https:\/\/gpopremier.com\/wp-content\/uploads\/2025\/09\/premier-ingles-1-1024x423.webp 1024w, https:\/\/gpopremier.com\/wp-content\/uploads\/2025\/09\/premier-ingles-1-768x318.webp 768w, https:\/\/gpopremier.com\/wp-content\/uploads\/2025\/09\/premier-ingles-1-1536x635.webp 1536w, https:\/\/gpopremier.com\/wp-content\/uploads\/2025\/09\/premier-ingles-1-18x7.webp 18w\" sizes=\"(max-width: 2086px) 100vw, 2086px\" \/>\t\t\t\t\t\t\t\t\t\t\t\t\t\t\t<\/div>\n\t\t\t\t<\/div>\n\t\t\t\t<div class=\"elementor-element elementor-element-fd9fabc elementor-hidden-tablet elementor-hidden-mobile elementor-widget elementor-widget-image\" data-id=\"fd9fabc\" data-element_type=\"widget\" data-widget_type=\"image.default\">\n\t\t\t\t<div class=\"elementor-widget-container\">\n\t\t\t\t\t\t\t\t\t\t\t\t\t\t\t<img decoding=\"async\" width=\"2560\" height=\"1117\" src=\"https:\/\/gpopremier.com\/wp-content\/uploads\/2025\/09\/premier-ingles-1.webp\" class=\"attachment-full size-full wp-image-3423\" alt=\"\" srcset=\"https:\/\/gpopremier.com\/wp-content\/uploads\/2025\/09\/premier-ingles-1.webp 1698w, https:\/\/gpopremier.com\/wp-content\/uploads\/2025\/09\/premier-ingles-1-600x248.webp 600w, https:\/\/gpopremier.com\/wp-content\/uploads\/2025\/09\/premier-ingles-1-300x124.webp 300w, https:\/\/gpopremier.com\/wp-content\/uploads\/2025\/09\/premier-ingles-1-1024x423.webp 1024w, https:\/\/gpopremier.com\/wp-content\/uploads\/2025\/09\/premier-ingles-1-768x318.webp 768w, https:\/\/gpopremier.com\/wp-content\/uploads\/2025\/09\/premier-ingles-1-1536x635.webp 1536w, https:\/\/gpopremier.com\/wp-content\/uploads\/2025\/09\/premier-ingles-1-18x7.webp 18w\" sizes=\"(max-width: 2560px) 100vw, 2560px\" \/>\t\t\t\t\t\t\t\t\t\t\t\t\t\t\t<\/div>\n\t\t\t\t<\/div>\n\t\t\t\t<\/div>\n\t\t<div class=\"elementor-element elementor-element-52c9511 e-con-full e-flex e-con e-parent\" data-id=\"52c9511\" data-element_type=\"container\">\n\t\t\t\t<div class=\"elementor-element elementor-element-d82b5fd elementor-widget elementor-widget-image\" data-id=\"d82b5fd\" data-element_type=\"widget\" data-widget_type=\"image.default\">\n\t\t\t\t<div class=\"elementor-widget-container\">\n\t\t\t\t\t\t\t\t\t\t\t\t\t\t\t<img decoding=\"async\" width=\"2226\" height=\"790\" src=\"https:\/\/gpopremier.com\/wp-content\/uploads\/2025\/09\/PAG-PREMIER-ROJO.webp\" class=\"attachment-full size-full wp-image-5431\" alt=\"\" srcset=\"https:\/\/gpopremier.com\/wp-content\/uploads\/2025\/09\/PAG-PREMIER-ROJO.webp 2226w, https:\/\/gpopremier.com\/wp-content\/uploads\/2025\/09\/PAG-PREMIER-ROJO-600x213.webp 600w, https:\/\/gpopremier.com\/wp-content\/uploads\/2025\/09\/PAG-PREMIER-ROJO-300x106.webp 300w, https:\/\/gpopremier.com\/wp-content\/uploads\/2025\/09\/PAG-PREMIER-ROJO-1024x363.webp 1024w, https:\/\/gpopremier.com\/wp-content\/uploads\/2025\/09\/PAG-PREMIER-ROJO-768x273.webp 768w, https:\/\/gpopremier.com\/wp-content\/uploads\/2025\/09\/PAG-PREMIER-ROJO-1536x545.webp 1536w, https:\/\/gpopremier.com\/wp-content\/uploads\/2025\/09\/PAG-PREMIER-ROJO-2048x727.webp 2048w, https:\/\/gpopremier.com\/wp-content\/uploads\/2025\/09\/PAG-PREMIER-ROJO-18x6.webp 18w\" sizes=\"(max-width: 2226px) 100vw, 2226px\" \/>\t\t\t\t\t\t\t\t\t\t\t\t\t\t\t<\/div>\n\t\t\t\t<\/div>\n\t\t\t\t<div class=\"elementor-element elementor-element-5c0770d elementor-align-center elementor-widget elementor-widget-button\" data-id=\"5c0770d\" data-element_type=\"widget\" data-widget_type=\"button.default\">\n\t\t\t\t<div class=\"elementor-widget-container\">\n\t\t\t\t\t\t\t\t\t<div class=\"elementor-button-wrapper\">\n\t\t\t\t\t<a class=\"elementor-button elementor-button-link elementor-size-sm\" href=\"https:\/\/gpopremier.com\/en\/productos\/\">\n\t\t\t\t\t\t<span class=\"elementor-button-content-wrapper\">\n\t\t\t\t\t\t\t\t\t<span class=\"elementor-button-text\">VIEW PRODUCTS<\/span>\n\t\t\t\t\t<\/span>\n\t\t\t\t\t<\/a>\n\t\t\t\t<\/div>\n\t\t\t\t\t\t\t\t<\/div>\n\t\t\t\t<\/div>\n\t\t\t\t<\/div>\n\t\t<div class=\"elementor-element elementor-element-b0c3f64 elementor-hidden-desktop elementor-hidden-laptop elementor-hidden-tablet e-flex e-con-boxed e-con e-parent\" data-id=\"b0c3f64\" data-element_type=\"container\">\n\t\t\t\t\t<div class=\"e-con-inner\">\n\t\t\t\t<div class=\"elementor-element elementor-element-b85b1cf elementor-widget elementor-widget-image\" data-id=\"b85b1cf\" data-element_type=\"widget\" data-widget_type=\"image.default\">\n\t\t\t\t<div class=\"elementor-widget-container\">\n\t\t\t\t\t\t\t\t\t\t\t\t\t\t\t<img loading=\"lazy\" decoding=\"async\" width=\"800\" height=\"923\" src=\"https:\/\/gpopremier.com\/wp-content\/uploads\/2025\/09\/PAG-PREMIER-ROJO-INGLES-Mobile-F.webp\" class=\"attachment-large size-large wp-image-5207\" alt=\"\" srcset=\"https:\/\/gpopremier.com\/wp-content\/uploads\/2025\/09\/PAG-PREMIER-ROJO-INGLES-Mobile-F.webp 1226w, https:\/\/gpopremier.com\/wp-content\/uploads\/2025\/09\/PAG-PREMIER-ROJO-INGLES-Mobile-F-600x678.webp 600w, https:\/\/gpopremier.com\/wp-content\/uploads\/2025\/09\/PAG-PREMIER-ROJO-INGLES-Mobile-F-266x300.webp 266w, https:\/\/gpopremier.com\/wp-content\/uploads\/2025\/09\/PAG-PREMIER-ROJO-INGLES-Mobile-F-906x1024.webp 906w, https:\/\/gpopremier.com\/wp-content\/uploads\/2025\/09\/PAG-PREMIER-ROJO-INGLES-Mobile-F-768x868.webp 768w, https:\/\/gpopremier.com\/wp-content\/uploads\/2025\/09\/PAG-PREMIER-ROJO-INGLES-Mobile-F-11x12.webp 11w\" sizes=\"(max-width: 800px) 100vw, 800px\" \/>\t\t\t\t\t\t\t\t\t\t\t\t\t\t\t<\/div>\n\t\t\t\t<\/div>\n\t\t\t\t\t<\/div>\n\t\t\t\t<\/div>\n\t\t<div class=\"elementor-element elementor-element-bf93733 e-con-full e-flex e-con e-parent\" data-id=\"bf93733\" data-element_type=\"container\">\n\t\t\t\t<div class=\"elementor-element elementor-element-eb68aee elementor-hidden-mobile elementor-widget elementor-widget-image\" data-id=\"eb68aee\" data-element_type=\"widget\" data-widget_type=\"image.default\">\n\t\t\t\t<div class=\"elementor-widget-container\">\n\t\t\t\t\t\t\t\t\t\t\t\t\t\t\t<img loading=\"lazy\" decoding=\"async\" width=\"2560\" height=\"2083\" src=\"https:\/\/gpopremier.com\/wp-content\/uploads\/2025\/09\/premier-ingles-22.webp\" class=\"attachment-full size-full wp-image-3430\" alt=\"\" srcset=\"https:\/\/gpopremier.com\/wp-content\/uploads\/2025\/09\/premier-ingles-22.webp 2226w, https:\/\/gpopremier.com\/wp-content\/uploads\/2025\/09\/premier-ingles-22-600x463.webp 600w, https:\/\/gpopremier.com\/wp-content\/uploads\/2025\/09\/premier-ingles-22-300x232.webp 300w, https:\/\/gpopremier.com\/wp-content\/uploads\/2025\/09\/premier-ingles-22-1024x790.webp 1024w, https:\/\/gpopremier.com\/wp-content\/uploads\/2025\/09\/premier-ingles-22-768x593.webp 768w, https:\/\/gpopremier.com\/wp-content\/uploads\/2025\/09\/premier-ingles-22-1536x1185.webp 1536w, https:\/\/gpopremier.com\/wp-content\/uploads\/2025\/09\/premier-ingles-22-2048x1581.webp 2048w, https:\/\/gpopremier.com\/wp-content\/uploads\/2025\/09\/premier-ingles-22-16x12.webp 16w\" sizes=\"(max-width: 2560px) 100vw, 2560px\" \/>\t\t\t\t\t\t\t\t\t\t\t\t\t\t\t<\/div>\n\t\t\t\t<\/div>\n\t\t\t\t<\/div>\n\t\t<div class=\"elementor-element elementor-element-816d527 e-con-full e-flex e-con e-parent\" data-id=\"816d527\" data-element_type=\"container\">\n\t\t\t\t<div class=\"elementor-element elementor-element-9ad6f98 elementor-widget elementor-widget-image\" data-id=\"9ad6f98\" data-element_type=\"widget\" data-widget_type=\"image.default\">\n\t\t\t\t<div class=\"elementor-widget-container\">\n\t\t\t\t\t\t\t\t\t\t\t\t\t\t\t<img loading=\"lazy\" decoding=\"async\" width=\"2560\" height=\"1551\" src=\"https:\/\/gpopremier.com\/wp-content\/uploads\/2025\/09\/premier-ingles-4.webp\" class=\"attachment-full size-full wp-image-3431\" alt=\"\" srcset=\"https:\/\/gpopremier.com\/wp-content\/uploads\/2025\/09\/premier-ingles-4.webp 2226w, https:\/\/gpopremier.com\/wp-content\/uploads\/2025\/09\/premier-ingles-4-600x354.webp 600w, https:\/\/gpopremier.com\/wp-content\/uploads\/2025\/09\/premier-ingles-4-300x177.webp 300w, https:\/\/gpopremier.com\/wp-content\/uploads\/2025\/09\/premier-ingles-4-1024x605.webp 1024w, https:\/\/gpopremier.com\/wp-content\/uploads\/2025\/09\/premier-ingles-4-768x454.webp 768w, https:\/\/gpopremier.com\/wp-content\/uploads\/2025\/09\/premier-ingles-4-1536x907.webp 1536w, https:\/\/gpopremier.com\/wp-content\/uploads\/2025\/09\/premier-ingles-4-2048x1210.webp 2048w, https:\/\/gpopremier.com\/wp-content\/uploads\/2025\/09\/premier-ingles-4-18x12.webp 18w\" sizes=\"(max-width: 2560px) 100vw, 2560px\" \/>\t\t\t\t\t\t\t\t\t\t\t\t\t\t\t<\/div>\n\t\t\t\t<\/div>\n\t\t\t\t<\/div>\n\t\t<div class=\"elementor-element elementor-element-0a9665e e-con-full e-flex e-con e-parent\" data-id=\"0a9665e\" data-element_type=\"container\">\n\t\t\t\t<div class=\"elementor-element elementor-element-228dd85 elementor-widget elementor-widget-image\" data-id=\"228dd85\" data-element_type=\"widget\" data-widget_type=\"image.default\">\n\t\t\t\t<div class=\"elementor-widget-container\">\n\t\t\t\t\t\t\t\t\t\t\t\t\t\t\t<img loading=\"lazy\" decoding=\"async\" width=\"2560\" height=\"1350\" src=\"https:\/\/gpopremier.com\/wp-content\/uploads\/2025\/09\/premier-ingles-5.webp\" class=\"attachment-full size-full wp-image-3434\" alt=\"\" srcset=\"https:\/\/gpopremier.com\/wp-content\/uploads\/2025\/09\/premier-ingles-5.webp 2226w, https:\/\/gpopremier.com\/wp-content\/uploads\/2025\/09\/premier-ingles-5-600x312.webp 600w, https:\/\/gpopremier.com\/wp-content\/uploads\/2025\/09\/premier-ingles-5-300x156.webp 300w, https:\/\/gpopremier.com\/wp-content\/uploads\/2025\/09\/premier-ingles-5-1024x532.webp 1024w, https:\/\/gpopremier.com\/wp-content\/uploads\/2025\/09\/premier-ingles-5-768x399.webp 768w, https:\/\/gpopremier.com\/wp-content\/uploads\/2025\/09\/premier-ingles-5-1536x798.webp 1536w, https:\/\/gpopremier.com\/wp-content\/uploads\/2025\/09\/premier-ingles-5-2048x1064.webp 2048w, https:\/\/gpopremier.com\/wp-content\/uploads\/2025\/09\/premier-ingles-5-18x9.webp 18w\" sizes=\"(max-width: 2560px) 100vw, 2560px\" \/>\t\t\t\t\t\t\t\t\t\t\t\t\t\t\t<\/div>\n\t\t\t\t<\/div>\n\t\t\t\t<\/div>\n\t\t<div class=\"elementor-element elementor-element-c3af9e5 e-con-full e-flex e-con e-parent\" data-id=\"c3af9e5\" data-element_type=\"container\">\n\t\t\t\t<div class=\"elementor-element elementor-element-712ac28 elementor-widget elementor-widget-image\" data-id=\"712ac28\" data-element_type=\"widget\" data-widget_type=\"image.default\">\n\t\t\t\t<div class=\"elementor-widget-container\">\n\t\t\t\t\t\t\t\t\t\t\t\t\t\t\t<img loading=\"lazy\" decoding=\"async\" width=\"2560\" height=\"703\" src=\"https:\/\/gpopremier.com\/wp-content\/uploads\/2025\/09\/premier-ingles-6.webp\" class=\"attachment-full size-full wp-image-3433\" alt=\"\" srcset=\"https:\/\/gpopremier.com\/wp-content\/uploads\/2025\/09\/premier-ingles-6.webp 2226w, https:\/\/gpopremier.com\/wp-content\/uploads\/2025\/09\/premier-ingles-6-600x171.webp 600w, https:\/\/gpopremier.com\/wp-content\/uploads\/2025\/09\/premier-ingles-6-300x86.webp 300w, https:\/\/gpopremier.com\/wp-content\/uploads\/2025\/09\/premier-ingles-6-1024x293.webp 1024w, https:\/\/gpopremier.com\/wp-content\/uploads\/2025\/09\/premier-ingles-6-768x219.webp 768w, https:\/\/gpopremier.com\/wp-content\/uploads\/2025\/09\/premier-ingles-6-1536x439.webp 1536w, https:\/\/gpopremier.com\/wp-content\/uploads\/2025\/09\/premier-ingles-6-2048x585.webp 2048w, https:\/\/gpopremier.com\/wp-content\/uploads\/2025\/09\/premier-ingles-6-18x5.webp 18w\" sizes=\"(max-width: 2560px) 100vw, 2560px\" \/>\t\t\t\t\t\t\t\t\t\t\t\t\t\t\t<\/div>\n\t\t\t\t<\/div>\n\t\t\t\t<\/div>\n\t\t\t\t<\/div>","protected":false},"excerpt":{"rendered":"<p>VIEW PRODUCTS<\/p>","protected":false},"author":1,"featured_media":0,"parent":0,"menu_order":0,"comment_status":"closed","ping_status":"closed","template":"","meta":{"footnotes":""},"class_list":["post-783","page","type-page","status-publish","hentry"],"yoast_head":"<!-- This site is optimized with the Yoast SEO plugin v26.6 - https:\/\/yoast.com\/wordpress\/plugins\/seo\/ -->\n<title>Premier Rojo | GPO Premier<\/title>\n<meta name=\"description\" content=\"Descubre con Premier Rojo los snacks m\u00e1s divertidos y deliciosos de M\u00e9xico. Frutos secos, semillas y botanas \u00fanicas que combinan sabor, calidad y diversi\u00f3n en cada bocado.\" \/>\n<meta name=\"robots\" content=\"index, follow, max-snippet:-1, max-image-preview:large, max-video-preview:-1\" \/>\n<link rel=\"canonical\" href=\"https:\/\/gpopremier.com\/en\/premier-rojo\/\" \/>\n<meta property=\"og:locale\" content=\"en_US\" \/>\n<meta property=\"og:type\" content=\"article\" \/>\n<meta property=\"og:title\" content=\"Premier Rojo | GPO Premier\" \/>\n<meta property=\"og:description\" content=\"Descubre con Premier Rojo los snacks m\u00e1s divertidos y deliciosos de M\u00e9xico. Frutos secos, semillas y botanas \u00fanicas que combinan sabor, calidad y diversi\u00f3n en cada bocado.\" \/>\n<meta property=\"og:url\" content=\"https:\/\/gpopremier.com\/en\/premier-rojo\/\" \/>\n<meta property=\"og:site_name\" content=\"Grupo Premier\" \/>\n<meta property=\"article:modified_time\" content=\"2025-09-12T23:29:29+00:00\" \/>\n<meta property=\"og:image\" content=\"https:\/\/gpopremier.com\/wp-content\/uploads\/2025\/09\/PAG-PREMIER-ROJO-1-scaled-1-e1757443597308.webp\" \/>\n<meta name=\"twitter:card\" content=\"summary_large_image\" \/>\n<meta name=\"twitter:label1\" content=\"Est. reading time\" \/>\n\t<meta name=\"twitter:data1\" content=\"2 minutes\" \/>\n<script type=\"application\/ld+json\" class=\"yoast-schema-graph\">{\"@context\":\"https:\/\/schema.org\",\"@graph\":[{\"@type\":\"WebPage\",\"@id\":\"https:\/\/gpopremier.com\/premier-rojo\/\",\"url\":\"https:\/\/gpopremier.com\/premier-rojo\/\",\"name\":\"Premier Rojo | GPO Premier\",\"isPartOf\":{\"@id\":\"https:\/\/gpopremier.com\/#website\"},\"primaryImageOfPage\":{\"@id\":\"https:\/\/gpopremier.com\/premier-rojo\/#primaryimage\"},\"image\":{\"@id\":\"https:\/\/gpopremier.com\/premier-rojo\/#primaryimage\"},\"thumbnailUrl\":\"https:\/\/gpopremier.com\/wp-content\/uploads\/2025\/09\/PAG-PREMIER-ROJO-1-scaled-1-e1757443597308.webp\",\"datePublished\":\"2025-09-02T18:31:31+00:00\",\"dateModified\":\"2025-09-12T23:29:29+00:00\",\"description\":\"Descubre con Premier Rojo los snacks m\u00e1s divertidos y deliciosos de M\u00e9xico. Frutos secos, semillas y botanas \u00fanicas que combinan sabor, calidad y diversi\u00f3n en cada bocado.\",\"breadcrumb\":{\"@id\":\"https:\/\/gpopremier.com\/premier-rojo\/#breadcrumb\"},\"inLanguage\":\"en-US\",\"potentialAction\":[{\"@type\":\"ReadAction\",\"target\":[\"https:\/\/gpopremier.com\/premier-rojo\/\"]}]},{\"@type\":\"ImageObject\",\"inLanguage\":\"en-US\",\"@id\":\"https:\/\/gpopremier.com\/premier-rojo\/#primaryimage\",\"url\":\"https:\/\/gpopremier.com\/wp-content\/uploads\/2025\/09\/PAG-PREMIER-ROJO-1-scaled-1-e1757443597308.webp\",\"contentUrl\":\"https:\/\/gpopremier.com\/wp-content\/uploads\/2025\/09\/PAG-PREMIER-ROJO-1-scaled-1-e1757443597308.webp\"},{\"@type\":\"BreadcrumbList\",\"@id\":\"https:\/\/gpopremier.com\/premier-rojo\/#breadcrumb\",\"itemListElement\":[{\"@type\":\"ListItem\",\"position\":1,\"name\":\"Inicio\",\"item\":\"https:\/\/gpopremier.com\/\"},{\"@type\":\"ListItem\",\"position\":2,\"name\":\"Premier Rojo\"}]},{\"@type\":\"WebSite\",\"@id\":\"https:\/\/gpopremier.com\/#website\",\"url\":\"https:\/\/gpopremier.com\/\",\"name\":\"Grupo Premier\",\"description\":\"\",\"potentialAction\":[{\"@type\":\"SearchAction\",\"target\":{\"@type\":\"EntryPoint\",\"urlTemplate\":\"https:\/\/gpopremier.com\/?s={search_term_string}\"},\"query-input\":{\"@type\":\"PropertyValueSpecification\",\"valueRequired\":true,\"valueName\":\"search_term_string\"}}],\"inLanguage\":\"en-US\"}]}<\/script>\n<!-- \/ Yoast SEO plugin. -->","yoast_head_json":{"title":"Premier Rojo | GPO Premier","description":"Descubre con Premier Rojo los snacks m\u00e1s divertidos y deliciosos de M\u00e9xico. Frutos secos, semillas y botanas \u00fanicas que combinan sabor, calidad y diversi\u00f3n en cada bocado.","robots":{"index":"index","follow":"follow","max-snippet":"max-snippet:-1","max-image-preview":"max-image-preview:large","max-video-preview":"max-video-preview:-1"},"canonical":"https:\/\/gpopremier.com\/en\/premier-rojo\/","og_locale":"en_US","og_type":"article","og_title":"Premier Rojo | GPO Premier","og_description":"Descubre con Premier Rojo los snacks m\u00e1s divertidos y deliciosos de M\u00e9xico. Frutos secos, semillas y botanas \u00fanicas que combinan sabor, calidad y diversi\u00f3n en cada bocado.","og_url":"https:\/\/gpopremier.com\/en\/premier-rojo\/","og_site_name":"Grupo Premier","article_modified_time":"2025-09-12T23:29:29+00:00","og_image":[{"url":"https:\/\/gpopremier.com\/wp-content\/uploads\/2025\/09\/PAG-PREMIER-ROJO-1-scaled-1-e1757443597308.webp","type":"","width":"","height":""}],"twitter_card":"summary_large_image","twitter_misc":{"Est. reading time":"2 minutes"},"schema":{"@context":"https:\/\/schema.org","@graph":[{"@type":"WebPage","@id":"https:\/\/gpopremier.com\/premier-rojo\/","url":"https:\/\/gpopremier.com\/premier-rojo\/","name":"Premier Rojo | GPO Premier","isPartOf":{"@id":"https:\/\/gpopremier.com\/#website"},"primaryImageOfPage":{"@id":"https:\/\/gpopremier.com\/premier-rojo\/#primaryimage"},"image":{"@id":"https:\/\/gpopremier.com\/premier-rojo\/#primaryimage"},"thumbnailUrl":"https:\/\/gpopremier.com\/wp-content\/uploads\/2025\/09\/PAG-PREMIER-ROJO-1-scaled-1-e1757443597308.webp","datePublished":"2025-09-02T18:31:31+00:00","dateModified":"2025-09-12T23:29:29+00:00","description":"Descubre con Premier Rojo los snacks m\u00e1s divertidos y deliciosos de M\u00e9xico. Frutos secos, semillas y botanas \u00fanicas que combinan sabor, calidad y diversi\u00f3n en cada bocado.","breadcrumb":{"@id":"https:\/\/gpopremier.com\/premier-rojo\/#breadcrumb"},"inLanguage":"en-US","potentialAction":[{"@type":"ReadAction","target":["https:\/\/gpopremier.com\/premier-rojo\/"]}]},{"@type":"ImageObject","inLanguage":"en-US","@id":"https:\/\/gpopremier.com\/premier-rojo\/#primaryimage","url":"https:\/\/gpopremier.com\/wp-content\/uploads\/2025\/09\/PAG-PREMIER-ROJO-1-scaled-1-e1757443597308.webp","contentUrl":"https:\/\/gpopremier.com\/wp-content\/uploads\/2025\/09\/PAG-PREMIER-ROJO-1-scaled-1-e1757443597308.webp"},{"@type":"BreadcrumbList","@id":"https:\/\/gpopremier.com\/premier-rojo\/#breadcrumb","itemListElement":[{"@type":"ListItem","position":1,"name":"Inicio","item":"https:\/\/gpopremier.com\/"},{"@type":"ListItem","position":2,"name":"Premier Rojo"}]},{"@type":"WebSite","@id":"https:\/\/gpopremier.com\/#website","url":"https:\/\/gpopremier.com\/","name":"Grupo Premier","description":"","potentialAction":[{"@type":"SearchAction","target":{"@type":"EntryPoint","urlTemplate":"https:\/\/gpopremier.com\/?s={search_term_string}"},"query-input":{"@type":"PropertyValueSpecification","valueRequired":true,"valueName":"search_term_string"}}],"inLanguage":"en-US"}]}},"_hostinger_reach_plugin_has_subscription_block":false,"_hostinger_reach_plugin_is_elementor":false,"_links":{"self":[{"href":"https:\/\/gpopremier.com\/en\/wp-json\/wp\/v2\/pages\/783","targetHints":{"allow":["GET"]}}],"collection":[{"href":"https:\/\/gpopremier.com\/en\/wp-json\/wp\/v2\/pages"}],"about":[{"href":"https:\/\/gpopremier.com\/en\/wp-json\/wp\/v2\/types\/page"}],"author":[{"embeddable":true,"href":"https:\/\/gpopremier.com\/en\/wp-json\/wp\/v2\/users\/1"}],"replies":[{"embeddable":true,"href":"https:\/\/gpopremier.com\/en\/wp-json\/wp\/v2\/comments?post=783"}],"version-history":[{"count":79,"href":"https:\/\/gpopremier.com\/en\/wp-json\/wp\/v2\/pages\/783\/revisions"}],"predecessor-version":[{"id":5437,"href":"https:\/\/gpopremier.com\/en\/wp-json\/wp\/v2\/pages\/783\/revisions\/5437"}],"wp:attachment":[{"href":"https:\/\/gpopremier.com\/en\/wp-json\/wp\/v2\/media?parent=783"}],"curies":[{"name":"wp","href":"https:\/\/api.w.org\/{rel}","templated":true}]}}