{"id":709,"date":"2025-06-09T17:56:33","date_gmt":"2025-06-09T17:56:33","guid":{"rendered":"https:\/\/gpopremier.com\/?page_id=709"},"modified":"2025-10-13T16:53:10","modified_gmt":"2025-10-13T16:53:10","slug":"ocean-spray","status":"publish","type":"page","link":"https:\/\/gpopremier.com\/en\/ocean-spray\/","title":{"rendered":"Ocean Spray"},"content":{"rendered":"<div data-elementor-type=\"wp-page\" data-elementor-id=\"709\" class=\"elementor elementor-709\" data-elementor-post-type=\"page\">\n\t\t\t\t<div class=\"elementor-element elementor-element-fb1ec55 e-flex e-con-boxed e-con e-parent\" data-id=\"fb1ec55\" data-element_type=\"container\" data-settings=\"{&quot;background_background&quot;:&quot;classic&quot;}\">\n\t\t\t\t\t<div class=\"e-con-inner\">\n\t\t<div class=\"elementor-element elementor-element-edc7e2c e-con-full e-flex e-con e-child\" data-id=\"edc7e2c\" data-element_type=\"container\">\n\t\t\t\t<div class=\"elementor-element elementor-element-656430e elementor-widget elementor-widget-heading\" data-id=\"656430e\" data-element_type=\"widget\" data-widget_type=\"heading.default\">\n\t\t\t\t<div class=\"elementor-widget-container\">\n\t\t\t\t\t<h2 class=\"elementor-heading-title elementor-size-default\">Ocean Spray<\/h2>\t\t\t\t<\/div>\n\t\t\t\t<\/div>\n\t\t\t\t<div class=\"elementor-element elementor-element-bb627e6 elementor-widget__width-initial elementor-widget elementor-widget-heading\" data-id=\"bb627e6\" data-element_type=\"widget\" data-widget_type=\"heading.default\">\n\t\t\t\t<div class=\"elementor-widget-container\">\n\t\t\t\t\t<h2 class=\"elementor-heading-title elementor-size-default\">Exclusive Distributors of OCEAN SPRAY Dried Cranberries Nationwide.<\/h2>\t\t\t\t<\/div>\n\t\t\t\t<\/div>\n\t\t\t\t<\/div>\n\t\t\t\t\t<\/div>\n\t\t\t\t<\/div>\n\t\t\t\t<div class=\"unlimited-elements-background-overlay\" data-forid=\"fb1ec55\" data-location=\"back\" style=\"display:none\">\n\t\t\t<template>\n\t\t\t\n<!-- start Background Slider -->\n<style>\/* widget: Background Slider *\/\n\n#uc_background_slider_bg_addon17806\n{\n  position:absolute;\n  top:0px;\n  left:0px;\n  right:0px;\n  bottom:0px;\n  height:100%;\n  overflow:hidden;\n}\n\n#uc_background_slider_bg_addon17806 .owl-carousel\n{\n  position:absolute;\n  top:0px;\n  left:0px;\n  right:0px;\n  bottom:0px;\n  height:100%;\n}\n\n#uc_background_slider_bg_addon17806 .owl-stage-outer\n{\n  position:absolute;\n  top:0px;\n  left:0px;\n  right:0px;\n  bottom:0px;\n  height:100%;\n}\n\n#uc_background_slider_bg_addon17806 .owl-stage\n{\n  position:absolute;\n  top:0px;\n  left:0px;\n  right:0px;\n  bottom:0px;\n  height:100%;\n}\n\n\n#uc_background_slider_bg_addon17806 .owl-carousel .ue-item\n{\n  position:absolute;\n  top:0px;\n  left:0px;\n  right:0px;\n  bottom:0px;\n  height:100%;\n}\n\n#uc_background_slider_bg_addon17806 .owl-carousel .ue-item img\n{\n  position:absolute;\n  top:0px;\n  left:0px;\n  right:0px;\n  bottom:0px;\n  object-fit: cover;\n  height:100%;\n  width:100%;\n}\n\n#uc_background_slider_bg_addon17806 .owl-carousel .ue-item .ue-item-template\n{\n  position:absolute;\n  top:0px;\n  left:0px;\n  right:0px;\n  bottom:0px;\n  object-fit: cover;\n  height:100%;\n  width:100%;\n}\n\n#uc_background_slider_bg_addon17806 .ue-item-inside\n{\n  position:absolute;\n  top:0px;\n  left:0px;\n  right:0px;\n  bottom:0px;\n  height:100%;\n  \n}\n\n\n#uc_background_slider_bg_addon17806 .owl-item\n{\n  height:100%;\n  overflow: hidden;\n}\n\n\n\n\n<\/style>\n\n<div id=\"uc_background_slider_bg_addon17806\" style=\"direction:ltr;\" class=\"ue-slider-bg\">\n\n  <div id=\"uc_background_slider_bg_addon17806_carousel\" class=\"owl-carousel owl-theme\"   >\n    <div class=\"ue-item elementor-repeater-item-95d7249\">\n  <div class=\"ue-item-inside\">\n\t\t<img decoding=\"async\" src=\"https:\/\/gpopremier.com\/wp-content\/uploads\/2025\/07\/Oceanspray-v1.png\" class=\"ue-item-bg-slider-img\" alt=\"Oceanspray v1\">          <\/div>\n<\/div>\n<div class=\"ue-item elementor-repeater-item-936ab34\">\n  <div class=\"ue-item-inside\">\n\t\t<img decoding=\"async\" src=\"https:\/\/gpopremier.com\/wp-content\/uploads\/2025\/07\/OS-Bogs-225_1.png\" class=\"ue-item-bg-slider-img\" alt=\"OS Bogs 225_1\">          <\/div>\n<\/div>\n<div class=\"ue-item elementor-repeater-item-04608e4\">\n  <div class=\"ue-item-inside\">\n\t\t<img decoding=\"async\" src=\"https:\/\/gpopremier.com\/wp-content\/uploads\/2025\/07\/ocean-3.png\" class=\"ue-item-bg-slider-img\" alt=\"ocean 3\">          <\/div>\n<\/div>\n<div class=\"ue-item elementor-repeater-item-7798c98\">\n  <div class=\"ue-item-inside\">\n\t\t<img decoding=\"async\" src=\"https:\/\/gpopremier.com\/wp-content\/uploads\/2025\/07\/ocean-.png\" class=\"ue-item-bg-slider-img\" alt=\"ocean\">          <\/div>\n<\/div>\n<div class=\"ue-item elementor-repeater-item-dc7261a\">\n  <div class=\"ue-item-inside\">\n\t\t<img decoding=\"async\" src=\"https:\/\/gpopremier.com\/wp-content\/uploads\/2025\/07\/ocean-2.png\" class=\"ue-item-bg-slider-img\" alt=\"ocean 2\">          <\/div>\n<\/div>\n<div class=\"ue-item elementor-repeater-item-e6eebd2\">\n  <div class=\"ue-item-inside\">\n\t\t<img decoding=\"async\" src=\"https:\/\/gpopremier.com\/wp-content\/uploads\/2025\/07\/OS_10_1.23-045.png\" class=\"ue-item-bg-slider-img\" alt=\"OS_10_1\">          <\/div>\n<\/div>\n<div class=\"ue-item elementor-repeater-item-839bf68\">\n  <div class=\"ue-item-inside\">\n\t\t<img decoding=\"async\" src=\"https:\/\/gpopremier.com\/wp-content\/uploads\/2025\/07\/OS_10_1.23-103.png\" class=\"ue-item-bg-slider-img\" alt=\"OS_10_1\">          <\/div>\n<\/div>\n<div class=\"ue-item elementor-repeater-item-a4306d5\">\n  <div class=\"ue-item-inside\">\n\t\t<img decoding=\"async\" src=\"https:\/\/gpopremier.com\/wp-content\/uploads\/2025\/07\/OS_10_1.23-127.png\" class=\"ue-item-bg-slider-img\" alt=\"OS_10_1\">          <\/div>\n<\/div>\n<div class=\"ue-item elementor-repeater-item-656541c\">\n  <div class=\"ue-item-inside\">\n\t\t<img decoding=\"async\" src=\"https:\/\/gpopremier.com\/wp-content\/uploads\/2025\/07\/OS_10_1.23-105-copy.png\" class=\"ue-item-bg-slider-img\" alt=\"OS_10_1\">          <\/div>\n<\/div>\n\n   <\/div>\n  \n<\/div>\n<script type=\"text\/javascript\"  id=\"ue_script_background_slider\">\n\n\/* Background Slider scripts: *\/ \n\njQuery(document).ready(function(){\nfunction uc_background_slider_bg_addon17806_start(){\n\t\t\t\n\t\t\n  var objCarousel = jQuery('#uc_background_slider_bg_addon17806_carousel');\n  \n    objCarousel.owlCarousel({\n      loop:true,      \n      autoplay:true,\n      animateIn: 'fadeIn',\n      animateOut: 'fadeOut',\n      autoplayTimeout : 3000,\n      margin:0,\n      nav:false,\n      dots:false,      \n      responsive:{\n        0:{\n          items:1\n        },\n        600:{\n          items:1\n        },\n        1000:{\n          items:1\n        }\n      }\n    });\n  \t\n    \t\t\t\n\t\t\tobjCarousel.trigger(\"uc-object-ready\");\n\t\t\tjQuery(document).trigger(\"uc-remote-parent-init\", [objCarousel]);\n\t\t\t      \t\n   \n    \t\n}if(jQuery(\"#uc_background_slider_bg_addon17806\").length) uc_background_slider_bg_addon17806_start();\n\tjQuery( document ).on( 'elementor\/popup\/show', (event, id, objPopup) => {\n\tif(objPopup.$element.has(jQuery(\"#uc_background_slider_bg_addon17806\")).length) uc_background_slider_bg_addon17806_start();});\n});\n\n\t\t\t\n<\/script>\n<!-- end Background Slider -->\t\t\t<\/template>\n\t\t<\/div>\n\t\t\n\t\t<div class=\"elementor-element elementor-element-cb3c60f e-flex e-con-boxed e-con e-parent\" data-id=\"cb3c60f\" data-element_type=\"container\" data-settings=\"{&quot;background_background&quot;:&quot;classic&quot;}\">\n\t\t\t\t\t<div class=\"e-con-inner\">\n\t\t<div class=\"elementor-element elementor-element-3d5dfb8 e-con-full e-flex e-con e-child\" data-id=\"3d5dfb8\" data-element_type=\"container\" data-settings=\"{&quot;background_background&quot;:&quot;classic&quot;}\">\n\t\t<div class=\"elementor-element elementor-element-4d7cf95 e-grid e-con-full e-con e-child\" data-id=\"4d7cf95\" data-element_type=\"container\">\n\t\t<div class=\"elementor-element elementor-element-fea040b e-con-full e-flex e-con e-child\" data-id=\"fea040b\" data-element_type=\"container\" data-settings=\"{&quot;background_background&quot;:&quot;classic&quot;}\">\n\t\t\t\t<\/div>\n\t\t<div class=\"elementor-element elementor-element-d0a17be e-con-full e-flex e-con e-child\" data-id=\"d0a17be\" data-element_type=\"container\" data-settings=\"{&quot;background_background&quot;:&quot;classic&quot;}\">\n\t\t\t\t<div class=\"elementor-element elementor-element-6d67208 elementor-widget elementor-widget-heading\" data-id=\"6d67208\" data-element_type=\"widget\" data-widget_type=\"heading.default\">\n\t\t\t\t<div class=\"elementor-widget-container\">\n\t\t\t\t\t<h2 class=\"elementor-heading-title elementor-size-default\">Exclusive Distributors <\/h2>\t\t\t\t<\/div>\n\t\t\t\t<\/div>\n\t\t\t\t<div class=\"elementor-element elementor-element-62319c4 elementor-widget elementor-widget-heading\" data-id=\"62319c4\" data-element_type=\"widget\" data-widget_type=\"heading.default\">\n\t\t\t\t<div class=\"elementor-widget-container\">\n\t\t\t\t\t<h2 class=\"elementor-heading-title elementor-size-default\">THE CRANBERRY \u2013 AN EXCEPTIONAL FRUIT<\/h2>\t\t\t\t<\/div>\n\t\t\t\t<\/div>\n\t\t\t\t<div class=\"elementor-element elementor-element-399825a elementor-widget elementor-widget-text-editor\" data-id=\"399825a\" data-element_type=\"widget\" data-widget_type=\"text-editor.default\">\n\t\t\t\t<div class=\"elementor-widget-container\">\n\t\t\t\t\t\t\t\t\t<p>Since 2010, we have been Ocean Spray\u2019s primary contact for the commercialization of dried cranberries and their variants in Mexico.<\/p><p>We work closely to provide information about their product line and samples of new innovations.<\/p>\t\t\t\t\t\t\t\t<\/div>\n\t\t\t\t<\/div>\n\t\t\t\t<\/div>\n\t\t\t\t<\/div>\n\t\t\t\t<\/div>\n\t\t\t\t\t<\/div>\n\t\t\t\t<\/div>\n\t\t<div class=\"elementor-element elementor-element-07028cd e-flex e-con-boxed e-con e-parent\" data-id=\"07028cd\" data-element_type=\"container\" data-settings=\"{&quot;background_background&quot;:&quot;classic&quot;}\">\n\t\t\t\t\t<div class=\"e-con-inner\">\n\t\t<div class=\"elementor-element elementor-element-e4198e7 e-con-full e-flex e-con e-child\" data-id=\"e4198e7\" data-element_type=\"container\" data-settings=\"{&quot;background_background&quot;:&quot;classic&quot;}\">\n\t\t\t\t<div class=\"elementor-element elementor-element-d9cd35f elementor-widget elementor-widget-video\" data-id=\"d9cd35f\" data-element_type=\"widget\" data-settings=\"{&quot;video_type&quot;:&quot;hosted&quot;,&quot;autoplay&quot;:&quot;yes&quot;,&quot;mute&quot;:&quot;yes&quot;}\" data-widget_type=\"video.default\">\n\t\t\t\t<div class=\"elementor-widget-container\">\n\t\t\t\t\t\t\t<div class=\"e-hosted-video elementor-wrapper elementor-open-inline\">\n\t\t\t\t\t<video class=\"elementor-video\" src=\"https:\/\/gpopremier.com\/wp-content\/uploads\/2025\/07\/Oceanspray-Video3.mp4\" autoplay=\"\" muted=\"muted\" controlslist=\"nodownload\"><\/video>\n\t\t\t\t<\/div>\n\t\t\t\t\t\t<\/div>\n\t\t\t\t<\/div>\n\t\t\t\t<\/div>\n\t\t\t\t\t<\/div>\n\t\t\t\t<\/div>\n\t\t<div class=\"elementor-element elementor-element-5ceb46c e-flex e-con-boxed e-con e-parent\" data-id=\"5ceb46c\" data-element_type=\"container\" data-settings=\"{&quot;background_background&quot;:&quot;classic&quot;}\">\n\t\t\t\t\t<div class=\"e-con-inner\">\n\t\t<div class=\"elementor-element elementor-element-6b4b33c e-con-full e-flex e-con e-child\" data-id=\"6b4b33c\" data-element_type=\"container\">\n\t\t\t\t<div class=\"elementor-element elementor-element-7cce7b6 elementor-widget elementor-widget-image\" data-id=\"7cce7b6\" data-element_type=\"widget\" data-widget_type=\"image.default\">\n\t\t\t\t<div class=\"elementor-widget-container\">\n\t\t\t\t\t\t\t\t\t\t\t\t\t\t\t<img fetchpriority=\"high\" decoding=\"async\" width=\"800\" height=\"670\" src=\"https:\/\/gpopremier.com\/wp-content\/uploads\/2025\/09\/Empaques-Ocean-spray-1024x857.png\" class=\"attachment-large size-large wp-image-5547\" alt=\"\" srcset=\"https:\/\/gpopremier.com\/wp-content\/uploads\/2025\/09\/Empaques-Ocean-spray-1024x857.png 1024w, https:\/\/gpopremier.com\/wp-content\/uploads\/2025\/09\/Empaques-Ocean-spray-600x502.png 600w, https:\/\/gpopremier.com\/wp-content\/uploads\/2025\/09\/Empaques-Ocean-spray-300x251.png 300w, https:\/\/gpopremier.com\/wp-content\/uploads\/2025\/09\/Empaques-Ocean-spray-768x643.png 768w, https:\/\/gpopremier.com\/wp-content\/uploads\/2025\/09\/Empaques-Ocean-spray-14x12.png 14w, https:\/\/gpopremier.com\/wp-content\/uploads\/2025\/09\/Empaques-Ocean-spray.png 1143w\" sizes=\"(max-width: 800px) 100vw, 800px\" \/>\t\t\t\t\t\t\t\t\t\t\t\t\t\t\t<\/div>\n\t\t\t\t<\/div>\n\t\t\t\t<\/div>\n\t\t<div class=\"elementor-element elementor-element-bdc1a17 e-con-full e-flex e-con e-child\" data-id=\"bdc1a17\" data-element_type=\"container\">\n\t\t\t\t<div class=\"elementor-element elementor-element-e3b816a elementor-widget__width-initial elementor-widget elementor-widget-heading\" data-id=\"e3b816a\" data-element_type=\"widget\" data-widget_type=\"heading.default\">\n\t\t\t\t<div class=\"elementor-widget-container\">\n\t\t\t\t\t<h2 class=\"elementor-heading-title elementor-size-default\">OCEAN SPRAY PRODUCTS IMPORTED BY GRUPO PREMIER:<\/h2>\t\t\t\t<\/div>\n\t\t\t\t<\/div>\n\t\t\t\t<div class=\"elementor-element elementor-element-215cf06 elementor-widget elementor-widget-text-editor\" data-id=\"215cf06\" data-element_type=\"widget\" data-widget_type=\"text-editor.default\">\n\t\t\t\t<div class=\"elementor-widget-container\">\n\t\t\t\t\t\t\t\t\t<p class=\"translation-block\">Classic Whole Cranberries\n<br>\nDouble Dice Cranberries\n<br>\nReduced Sugar Cranberries\n<br>\nSoft &amp; Moist Cranberries\n<br>\nBlueberry-Flavored Cranberries\n<br>\nCherry-Flavored Cranberries\n<br>\nStrawberry-Flavored Cranberries\n<br>\nOrange-Flavored Cranberries<\/p>\t\t\t\t\t\t\t\t<\/div>\n\t\t\t\t<\/div>\n\t\t\t\t<\/div>\n\t\t\t\t\t<\/div>\n\t\t\t\t<\/div>\n\t\t\t\t<\/div>","protected":false},"excerpt":{"rendered":"<p>Ocean Spray Distribuidores Exclusivos de Ar\u00e1ndanos Deshidratados OCEAN SPRAY a Nivel Nacional. Distribuidores exclusivos EL AR\u00c1NDANO\u2028UN FRUTO EXCEPCIONAL Desde el a\u00f1o 2010 somos el primer contacto de Ocean Spray para la comercializaci\u00f3n de ar\u00e1ndanos deshidratados y sus variantes en M\u00e9xico. Trabajamos de la mano para proveer informaci\u00f3n de su l\u00ednea de productos y muestras de [&hellip;]<\/p>","protected":false},"author":1,"featured_media":0,"parent":0,"menu_order":0,"comment_status":"closed","ping_status":"closed","template":"","meta":{"footnotes":""},"class_list":["post-709","page","type-page","status-publish","hentry"],"yoast_head":"<!-- This site is optimized with the Yoast SEO plugin v26.6 - https:\/\/yoast.com\/wordpress\/plugins\/seo\/ -->\n<title>Ocean Spray| GPO Premier<\/title>\n<meta name=\"description\" content=\"Desde 2010, Grupo Premier es el primer contacto de Ocean Spray en M\u00e9xico para la comercializaci\u00f3n de ar\u00e1ndanos deshidratados y sus variantes.\" \/>\n<meta name=\"robots\" content=\"index, follow, max-snippet:-1, max-image-preview:large, max-video-preview:-1\" \/>\n<link rel=\"canonical\" href=\"https:\/\/gpopremier.com\/en\/ocean-spray\/\" \/>\n<meta property=\"og:locale\" content=\"en_US\" \/>\n<meta property=\"og:type\" content=\"article\" \/>\n<meta property=\"og:title\" content=\"Ocean Spray| GPO Premier\" \/>\n<meta property=\"og:description\" content=\"Desde 2010, Grupo Premier es el primer contacto de Ocean Spray en M\u00e9xico para la comercializaci\u00f3n de ar\u00e1ndanos deshidratados y sus variantes.\" \/>\n<meta property=\"og:url\" content=\"https:\/\/gpopremier.com\/en\/ocean-spray\/\" \/>\n<meta property=\"og:site_name\" content=\"Grupo Premier\" \/>\n<meta property=\"article:modified_time\" content=\"2025-10-13T16:53:10+00:00\" \/>\n<meta property=\"og:image\" content=\"https:\/\/gpopremier.com\/wp-content\/uploads\/2025\/09\/Empaques-Ocean-spray-1024x857.png\" \/>\n<meta name=\"twitter:card\" content=\"summary_large_image\" \/>\n<meta name=\"twitter:label1\" content=\"Est. reading time\" \/>\n\t<meta name=\"twitter:data1\" content=\"1 minute\" \/>\n<script type=\"application\/ld+json\" class=\"yoast-schema-graph\">{\"@context\":\"https:\/\/schema.org\",\"@graph\":[{\"@type\":\"WebPage\",\"@id\":\"https:\/\/gpopremier.com\/ocean-spray\/\",\"url\":\"https:\/\/gpopremier.com\/ocean-spray\/\",\"name\":\"Ocean Spray| GPO Premier\",\"isPartOf\":{\"@id\":\"https:\/\/gpopremier.com\/#website\"},\"primaryImageOfPage\":{\"@id\":\"https:\/\/gpopremier.com\/ocean-spray\/#primaryimage\"},\"image\":{\"@id\":\"https:\/\/gpopremier.com\/ocean-spray\/#primaryimage\"},\"thumbnailUrl\":\"https:\/\/gpopremier.com\/wp-content\/uploads\/2025\/09\/Empaques-Ocean-spray-1024x857.png\",\"datePublished\":\"2025-06-09T17:56:33+00:00\",\"dateModified\":\"2025-10-13T16:53:10+00:00\",\"description\":\"Desde 2010, Grupo Premier es el primer contacto de Ocean Spray en M\u00e9xico para la comercializaci\u00f3n de ar\u00e1ndanos deshidratados y sus variantes.\",\"breadcrumb\":{\"@id\":\"https:\/\/gpopremier.com\/ocean-spray\/#breadcrumb\"},\"inLanguage\":\"en-US\",\"potentialAction\":[{\"@type\":\"ReadAction\",\"target\":[\"https:\/\/gpopremier.com\/ocean-spray\/\"]}]},{\"@type\":\"ImageObject\",\"inLanguage\":\"en-US\",\"@id\":\"https:\/\/gpopremier.com\/ocean-spray\/#primaryimage\",\"url\":\"https:\/\/gpopremier.com\/wp-content\/uploads\/2025\/09\/Empaques-Ocean-spray-1024x857.png\",\"contentUrl\":\"https:\/\/gpopremier.com\/wp-content\/uploads\/2025\/09\/Empaques-Ocean-spray-1024x857.png\"},{\"@type\":\"BreadcrumbList\",\"@id\":\"https:\/\/gpopremier.com\/ocean-spray\/#breadcrumb\",\"itemListElement\":[{\"@type\":\"ListItem\",\"position\":1,\"name\":\"Inicio\",\"item\":\"https:\/\/gpopremier.com\/\"},{\"@type\":\"ListItem\",\"position\":2,\"name\":\"Ocean Spray\"}]},{\"@type\":\"WebSite\",\"@id\":\"https:\/\/gpopremier.com\/#website\",\"url\":\"https:\/\/gpopremier.com\/\",\"name\":\"Grupo Premier\",\"description\":\"\",\"potentialAction\":[{\"@type\":\"SearchAction\",\"target\":{\"@type\":\"EntryPoint\",\"urlTemplate\":\"https:\/\/gpopremier.com\/?s={search_term_string}\"},\"query-input\":{\"@type\":\"PropertyValueSpecification\",\"valueRequired\":true,\"valueName\":\"search_term_string\"}}],\"inLanguage\":\"en-US\"}]}<\/script>\n<!-- \/ Yoast SEO plugin. -->","yoast_head_json":{"title":"Ocean Spray| GPO Premier","description":"Desde 2010, Grupo Premier es el primer contacto de Ocean Spray en M\u00e9xico para la comercializaci\u00f3n de ar\u00e1ndanos deshidratados y sus variantes.","robots":{"index":"index","follow":"follow","max-snippet":"max-snippet:-1","max-image-preview":"max-image-preview:large","max-video-preview":"max-video-preview:-1"},"canonical":"https:\/\/gpopremier.com\/en\/ocean-spray\/","og_locale":"en_US","og_type":"article","og_title":"Ocean Spray| GPO Premier","og_description":"Desde 2010, Grupo Premier es el primer contacto de Ocean Spray en M\u00e9xico para la comercializaci\u00f3n de ar\u00e1ndanos deshidratados y sus variantes.","og_url":"https:\/\/gpopremier.com\/en\/ocean-spray\/","og_site_name":"Grupo Premier","article_modified_time":"2025-10-13T16:53:10+00:00","og_image":[{"url":"https:\/\/gpopremier.com\/wp-content\/uploads\/2025\/09\/Empaques-Ocean-spray-1024x857.png","type":"","width":"","height":""}],"twitter_card":"summary_large_image","twitter_misc":{"Est. reading time":"1 minute"},"schema":{"@context":"https:\/\/schema.org","@graph":[{"@type":"WebPage","@id":"https:\/\/gpopremier.com\/ocean-spray\/","url":"https:\/\/gpopremier.com\/ocean-spray\/","name":"Ocean Spray| GPO Premier","isPartOf":{"@id":"https:\/\/gpopremier.com\/#website"},"primaryImageOfPage":{"@id":"https:\/\/gpopremier.com\/ocean-spray\/#primaryimage"},"image":{"@id":"https:\/\/gpopremier.com\/ocean-spray\/#primaryimage"},"thumbnailUrl":"https:\/\/gpopremier.com\/wp-content\/uploads\/2025\/09\/Empaques-Ocean-spray-1024x857.png","datePublished":"2025-06-09T17:56:33+00:00","dateModified":"2025-10-13T16:53:10+00:00","description":"Desde 2010, Grupo Premier es el primer contacto de Ocean Spray en M\u00e9xico para la comercializaci\u00f3n de ar\u00e1ndanos deshidratados y sus variantes.","breadcrumb":{"@id":"https:\/\/gpopremier.com\/ocean-spray\/#breadcrumb"},"inLanguage":"en-US","potentialAction":[{"@type":"ReadAction","target":["https:\/\/gpopremier.com\/ocean-spray\/"]}]},{"@type":"ImageObject","inLanguage":"en-US","@id":"https:\/\/gpopremier.com\/ocean-spray\/#primaryimage","url":"https:\/\/gpopremier.com\/wp-content\/uploads\/2025\/09\/Empaques-Ocean-spray-1024x857.png","contentUrl":"https:\/\/gpopremier.com\/wp-content\/uploads\/2025\/09\/Empaques-Ocean-spray-1024x857.png"},{"@type":"BreadcrumbList","@id":"https:\/\/gpopremier.com\/ocean-spray\/#breadcrumb","itemListElement":[{"@type":"ListItem","position":1,"name":"Inicio","item":"https:\/\/gpopremier.com\/"},{"@type":"ListItem","position":2,"name":"Ocean Spray"}]},{"@type":"WebSite","@id":"https:\/\/gpopremier.com\/#website","url":"https:\/\/gpopremier.com\/","name":"Grupo Premier","description":"","potentialAction":[{"@type":"SearchAction","target":{"@type":"EntryPoint","urlTemplate":"https:\/\/gpopremier.com\/?s={search_term_string}"},"query-input":{"@type":"PropertyValueSpecification","valueRequired":true,"valueName":"search_term_string"}}],"inLanguage":"en-US"}]}},"_hostinger_reach_plugin_has_subscription_block":false,"_hostinger_reach_plugin_is_elementor":false,"_links":{"self":[{"href":"https:\/\/gpopremier.com\/en\/wp-json\/wp\/v2\/pages\/709","targetHints":{"allow":["GET"]}}],"collection":[{"href":"https:\/\/gpopremier.com\/en\/wp-json\/wp\/v2\/pages"}],"about":[{"href":"https:\/\/gpopremier.com\/en\/wp-json\/wp\/v2\/types\/page"}],"author":[{"embeddable":true,"href":"https:\/\/gpopremier.com\/en\/wp-json\/wp\/v2\/users\/1"}],"replies":[{"embeddable":true,"href":"https:\/\/gpopremier.com\/en\/wp-json\/wp\/v2\/comments?post=709"}],"version-history":[{"count":211,"href":"https:\/\/gpopremier.com\/en\/wp-json\/wp\/v2\/pages\/709\/revisions"}],"predecessor-version":[{"id":5832,"href":"https:\/\/gpopremier.com\/en\/wp-json\/wp\/v2\/pages\/709\/revisions\/5832"}],"wp:attachment":[{"href":"https:\/\/gpopremier.com\/en\/wp-json\/wp\/v2\/media?parent=709"}],"curies":[{"name":"wp","href":"https:\/\/api.w.org\/{rel}","templated":true}]}}