{"id":3,"date":"2025-05-21T20:17:42","date_gmt":"2025-05-21T20:17:42","guid":{"rendered":"https:\/\/gpopremier.com\/?page_id=3"},"modified":"2025-09-02T15:42:54","modified_gmt":"2025-09-02T15:42:54","slug":"privacy-policy","status":"publish","type":"page","link":"https:\/\/gpopremier.com\/en\/privacy-policy\/","title":{"rendered":"Privacy Notice"},"content":{"rendered":"<div data-elementor-type=\"wp-page\" data-elementor-id=\"3\" class=\"elementor elementor-3\" data-elementor-post-type=\"page\">\n\t\t\t\t<div class=\"elementor-element elementor-element-51d8bb72 e-flex e-con-boxed e-con e-parent\" data-id=\"51d8bb72\" data-element_type=\"container\" data-settings=\"{&quot;background_background&quot;:&quot;classic&quot;}\">\n\t\t\t\t\t<div class=\"e-con-inner\">\n\t\t\t\t<div class=\"elementor-element elementor-element-fc6d223 elementor-widget elementor-widget-heading\" data-id=\"fc6d223\" data-element_type=\"widget\" data-widget_type=\"heading.default\">\n\t\t\t\t<div class=\"elementor-widget-container\">\n\t\t\t\t\t<h2 class=\"elementor-heading-title elementor-size-default\">Pol\u00edtica de privacidad para gpopremier.com<\/h2>\t\t\t\t<\/div>\n\t\t\t\t<\/div>\n\t\t\t\t<div class=\"elementor-element elementor-element-14dfb6c9 elementor-widget elementor-widget-text-editor\" data-id=\"14dfb6c9\" data-element_type=\"widget\" data-widget_type=\"text-editor.default\">\n\t\t\t\t<div class=\"elementor-widget-container\">\n\t\t\t\t\t\t\t\t\t\n<p class=\"wp-block-heading\">La presente Pol\u00edtica de Privacidad establece los t\u00e9rminos y condiciones en los que Grupo Premier de Occidente S.A. de C.V. (en adelante &#8220;Grupo Premier&#8221;) recopila, utiliza, protege y divulga informaci\u00f3n de los usuarios de su sitio www.gpopremier.com en cumplimiento con la Ley Federal de Protecci\u00f3n de Datos <br \/>Personales en Posesi\u00f3n de los Particulares (en adelante &#8220;LFPDPPP&#8221;) y dem\u00e1s leyes y normatividad aplicables.<\/p>\n<h5 class=\"wp-block-heading\">Recopilaci\u00f3n de informaci\u00f3n<\/h5>\n<p class=\"wp-block-heading\">Grupo Premier podr\u00e1 recopilar informaci\u00f3n de los usuarios del sitio web www.gpopremier.com, incluyendo datos personales que proporcionen de manera voluntaria a trav\u00e9s de formularios de registro, pedidos de compra, contacto y suscripci\u00f3n a newsletters. Estos datos personales pueden incluir nombre completo, direcci\u00f3n, correo electr\u00f3nico, n\u00famero de tel\u00e9fono y cualquier otra informaci\u00f3n necesaria para la prestaci\u00f3n de nuestros servicios.<\/p>\n<p class=\"wp-block-heading\">Adem\u00e1s, cuando un usuario visita nuestro sitio web, podremos recopilar autom\u00e1ticamente cierta informaci\u00f3n no personal, como la direcci\u00f3n IP, el tipo de navegador, el proveedor de servicios de Internet (ISP), la fecha y hora de acceso al sitio, las p\u00e1ginas visitadas y el tiempo de permanencia en cada p\u00e1gina.<\/p>\n<h5 class=\"wp-block-heading\">Uso de la informaci\u00f3n<\/h5>\n<p class=\"wp-block-heading\"><strong>La informaci\u00f3n recopilada por Grupo Premier podr\u00e1 ser utilizada para los siguientes fines:<\/strong><br \/>Procesamiento de pedidos y entrega de productos.<br \/>Contacto con los usuarios en respuesta a solicitudes de informaci\u00f3n o servicio al cliente.<br \/>Env\u00edo de boletines informativos y promociones.<br \/>Mejora de la calidad de nuestros servicios y sitio web.<br \/>Realizaci\u00f3n de estudios de mercado y an\u00e1lisis estad\u00edsticos.<br \/>Cumplimiento de obligaciones legales y reglamentarias.<\/p>\n<h5 class=\"wp-block-heading\">Compartir informaci\u00f3n<\/h5>\n<p class=\"wp-block-heading\">Grupo Premier podr\u00e1 compartir informaci\u00f3n con terceros \u00fanicamente para los fines establecidos en esta Pol\u00edtica de Privacidad, as\u00ed como para cumplir con obligaciones legales y reglamentarias.<\/p>\n<h5 class=\"wp-block-heading\">Protecci\u00f3n de la informaci\u00f3n<\/h5>\n<p class=\"wp-block-heading\">Grupo Premier se compromete a tomar las medidas de seguridad necesarias para proteger la informaci\u00f3n de los usuarios de accesos no autorizados, p\u00e9rdida, alteraci\u00f3n o divulgaci\u00f3n de informaci\u00f3n.<\/p>\n<h5 class=\"wp-block-heading\">Derechos ARCO<\/h5>\n<p class=\"wp-block-heading\">Los usuarios del sitio www.gpopremier.com podr\u00e1n ejercer los derechos de acceso, rectificaci\u00f3n, cancelaci\u00f3n y oposici\u00f3n (ARCO) de sus datos personales en los t\u00e9rminos establecidos por la LFPDPPP y dem\u00e1s normatividad aplicable. Para ello, los usuarios deber\u00e1n enviar una solicitud por escrito a nuestro correo electr\u00f3nico info@gpopremier.com, indicando su nombre completo, direcci\u00f3n de correo electr\u00f3nico y una descripci\u00f3n clara y precisa de su solicitud.<\/p>\n<h5 class=\"wp-block-heading\">Modificaciones a la Pol\u00edtica de Privacidad<\/h5>\n<p class=\"wp-block-heading\">Grupo Premier se reserva el derecho de modificar o actualizar esta Pol\u00edtica de Privacidad en cualquier momento y sin previo aviso. Se recomienda a los usuarios del sitio web premiernuts.com.mx revisar peri\u00f3dicamente la Pol\u00edtica de Privacidad para estar informados de cualquier cambio.<\/p>\n<h5 class=\"wp-block-heading\">Aceptaci\u00f3n de la Pol\u00edtica de Privacidad<\/h5>\n<p class=\"wp-block-heading\">Al utilizar el sitio web gpopremier.com, los usuarios aceptan los t\u00e9rminos y condiciones de esta Pol\u00edtica de Privacidad y autorizan el uso de su informaci\u00f3n de acuerdo con lo establecido en la misma.<\/p>\t\t\t\t\t\t\t\t<\/div>\n\t\t\t\t<\/div>\n\t\t\t\t\t<\/div>\n\t\t\t\t<\/div>\n\t\t\t\t<\/div>","protected":false},"excerpt":{"rendered":"<p>Pol\u00edtica de privacidad para gpopremier.com La presente Pol\u00edtica de Privacidad establece los t\u00e9rminos y condiciones en los que Grupo Premier de Occidente S.A. de C.V. (en adelante &#8220;Grupo Premier&#8221;) recopila, utiliza, protege y divulga informaci\u00f3n de los usuarios de su sitio www.gpopremier.com en cumplimiento con la Ley Federal de Protecci\u00f3n de Datos Personales en Posesi\u00f3n [&hellip;]<\/p>","protected":false},"author":1,"featured_media":0,"parent":0,"menu_order":0,"comment_status":"closed","ping_status":"open","template":"","meta":{"footnotes":""},"class_list":["post-3","page","type-page","status-publish","hentry"],"yoast_head":"<!-- This site is optimized with the Yoast SEO plugin v26.6 - https:\/\/yoast.com\/wordpress\/plugins\/seo\/ -->\n<title>Aviso de Privacidad - Grupo Premier<\/title>\n<meta name=\"robots\" content=\"index, follow, max-snippet:-1, max-image-preview:large, max-video-preview:-1\" \/>\n<link rel=\"canonical\" href=\"https:\/\/gpopremier.com\/en\/privacy-policy\/\" \/>\n<meta property=\"og:locale\" content=\"en_US\" \/>\n<meta property=\"og:type\" content=\"article\" \/>\n<meta property=\"og:title\" content=\"Aviso de Privacidad - Grupo Premier\" \/>\n<meta property=\"og:description\" content=\"Pol\u00edtica de privacidad para gpopremier.com La presente Pol\u00edtica de Privacidad establece los t\u00e9rminos y condiciones en los que Grupo Premier de Occidente S.A. de C.V. (en adelante &#8220;Grupo Premier&#8221;) recopila, utiliza, protege y divulga informaci\u00f3n de los usuarios de su sitio www.gpopremier.com en cumplimiento con la Ley Federal de Protecci\u00f3n de Datos Personales en Posesi\u00f3n [&hellip;]\" \/>\n<meta property=\"og:url\" content=\"https:\/\/gpopremier.com\/en\/privacy-policy\/\" \/>\n<meta property=\"og:site_name\" content=\"Grupo Premier\" \/>\n<meta property=\"article:modified_time\" content=\"2025-09-02T15:42:54+00:00\" \/>\n<meta name=\"twitter:card\" content=\"summary_large_image\" \/>\n<meta name=\"twitter:label1\" content=\"Est. reading time\" \/>\n\t<meta name=\"twitter:data1\" content=\"3 minutes\" \/>\n<script type=\"application\/ld+json\" class=\"yoast-schema-graph\">{\"@context\":\"https:\/\/schema.org\",\"@graph\":[{\"@type\":\"WebPage\",\"@id\":\"https:\/\/gpopremier.com\/privacy-policy\/\",\"url\":\"https:\/\/gpopremier.com\/privacy-policy\/\",\"name\":\"Aviso de Privacidad - Grupo Premier\",\"isPartOf\":{\"@id\":\"https:\/\/gpopremier.com\/#website\"},\"datePublished\":\"2025-05-21T20:17:42+00:00\",\"dateModified\":\"2025-09-02T15:42:54+00:00\",\"breadcrumb\":{\"@id\":\"https:\/\/gpopremier.com\/privacy-policy\/#breadcrumb\"},\"inLanguage\":\"en-US\",\"potentialAction\":[{\"@type\":\"ReadAction\",\"target\":[\"https:\/\/gpopremier.com\/privacy-policy\/\"]}]},{\"@type\":\"BreadcrumbList\",\"@id\":\"https:\/\/gpopremier.com\/privacy-policy\/#breadcrumb\",\"itemListElement\":[{\"@type\":\"ListItem\",\"position\":1,\"name\":\"Inicio\",\"item\":\"https:\/\/gpopremier.com\/\"},{\"@type\":\"ListItem\",\"position\":2,\"name\":\"Aviso de Privacidad\"}]},{\"@type\":\"WebSite\",\"@id\":\"https:\/\/gpopremier.com\/#website\",\"url\":\"https:\/\/gpopremier.com\/\",\"name\":\"Grupo Premier\",\"description\":\"\",\"potentialAction\":[{\"@type\":\"SearchAction\",\"target\":{\"@type\":\"EntryPoint\",\"urlTemplate\":\"https:\/\/gpopremier.com\/?s={search_term_string}\"},\"query-input\":{\"@type\":\"PropertyValueSpecification\",\"valueRequired\":true,\"valueName\":\"search_term_string\"}}],\"inLanguage\":\"en-US\"}]}<\/script>\n<!-- \/ Yoast SEO plugin. -->","yoast_head_json":{"title":"Aviso de Privacidad - Grupo Premier","robots":{"index":"index","follow":"follow","max-snippet":"max-snippet:-1","max-image-preview":"max-image-preview:large","max-video-preview":"max-video-preview:-1"},"canonical":"https:\/\/gpopremier.com\/en\/privacy-policy\/","og_locale":"en_US","og_type":"article","og_title":"Aviso de Privacidad - Grupo Premier","og_description":"Pol\u00edtica de privacidad para gpopremier.com La presente Pol\u00edtica de Privacidad establece los t\u00e9rminos y condiciones en los que Grupo Premier de Occidente S.A. de C.V. (en adelante &#8220;Grupo Premier&#8221;) recopila, utiliza, protege y divulga informaci\u00f3n de los usuarios de su sitio www.gpopremier.com en cumplimiento con la Ley Federal de Protecci\u00f3n de Datos Personales en Posesi\u00f3n [&hellip;]","og_url":"https:\/\/gpopremier.com\/en\/privacy-policy\/","og_site_name":"Grupo Premier","article_modified_time":"2025-09-02T15:42:54+00:00","twitter_card":"summary_large_image","twitter_misc":{"Est. reading time":"3 minutes"},"schema":{"@context":"https:\/\/schema.org","@graph":[{"@type":"WebPage","@id":"https:\/\/gpopremier.com\/privacy-policy\/","url":"https:\/\/gpopremier.com\/privacy-policy\/","name":"Aviso de Privacidad - Grupo Premier","isPartOf":{"@id":"https:\/\/gpopremier.com\/#website"},"datePublished":"2025-05-21T20:17:42+00:00","dateModified":"2025-09-02T15:42:54+00:00","breadcrumb":{"@id":"https:\/\/gpopremier.com\/privacy-policy\/#breadcrumb"},"inLanguage":"en-US","potentialAction":[{"@type":"ReadAction","target":["https:\/\/gpopremier.com\/privacy-policy\/"]}]},{"@type":"BreadcrumbList","@id":"https:\/\/gpopremier.com\/privacy-policy\/#breadcrumb","itemListElement":[{"@type":"ListItem","position":1,"name":"Inicio","item":"https:\/\/gpopremier.com\/"},{"@type":"ListItem","position":2,"name":"Aviso de Privacidad"}]},{"@type":"WebSite","@id":"https:\/\/gpopremier.com\/#website","url":"https:\/\/gpopremier.com\/","name":"Grupo Premier","description":"","potentialAction":[{"@type":"SearchAction","target":{"@type":"EntryPoint","urlTemplate":"https:\/\/gpopremier.com\/?s={search_term_string}"},"query-input":{"@type":"PropertyValueSpecification","valueRequired":true,"valueName":"search_term_string"}}],"inLanguage":"en-US"}]}},"_hostinger_reach_plugin_has_subscription_block":false,"_hostinger_reach_plugin_is_elementor":false,"_links":{"self":[{"href":"https:\/\/gpopremier.com\/en\/wp-json\/wp\/v2\/pages\/3","targetHints":{"allow":["GET"]}}],"collection":[{"href":"https:\/\/gpopremier.com\/en\/wp-json\/wp\/v2\/pages"}],"about":[{"href":"https:\/\/gpopremier.com\/en\/wp-json\/wp\/v2\/types\/page"}],"author":[{"embeddable":true,"href":"https:\/\/gpopremier.com\/en\/wp-json\/wp\/v2\/users\/1"}],"replies":[{"embeddable":true,"href":"https:\/\/gpopremier.com\/en\/wp-json\/wp\/v2\/comments?post=3"}],"version-history":[{"count":16,"href":"https:\/\/gpopremier.com\/en\/wp-json\/wp\/v2\/pages\/3\/revisions"}],"predecessor-version":[{"id":3353,"href":"https:\/\/gpopremier.com\/en\/wp-json\/wp\/v2\/pages\/3\/revisions\/3353"}],"wp:attachment":[{"href":"https:\/\/gpopremier.com\/en\/wp-json\/wp\/v2\/media?parent=3"}],"curies":[{"name":"wp","href":"https:\/\/api.w.org\/{rel}","templated":true}]}}