{"id":154,"date":"2025-05-26T17:58:57","date_gmt":"2025-05-26T17:58:57","guid":{"rendered":"https:\/\/gpopremier.com\/?page_id=154"},"modified":"2025-10-08T00:15:21","modified_gmt":"2025-10-08T00:15:21","slug":"contacto","status":"publish","type":"page","link":"https:\/\/gpopremier.com\/en\/contacto\/","title":{"rendered":"Contact"},"content":{"rendered":"<div data-elementor-type=\"wp-page\" data-elementor-id=\"154\" class=\"elementor elementor-154\" data-elementor-post-type=\"page\">\n\t\t\t\t<div class=\"elementor-element elementor-element-5b81e62 e-flex e-con-boxed e-con e-parent\" data-id=\"5b81e62\" data-element_type=\"container\" data-settings=\"{&quot;background_background&quot;:&quot;classic&quot;}\">\n\t\t\t\t\t<div class=\"e-con-inner\">\n\t\t<div class=\"elementor-element elementor-element-cc87ebf e-con-full e-flex e-con e-child\" data-id=\"cc87ebf\" data-element_type=\"container\">\n\t\t\t\t<div class=\"elementor-element elementor-element-456d540 elementor-widget elementor-widget-heading\" data-id=\"456d540\" data-element_type=\"widget\" data-widget_type=\"heading.default\">\n\t\t\t\t<div class=\"elementor-widget-container\">\n\t\t\t\t\t<h2 class=\"elementor-heading-title elementor-size-default\">Contact<\/h2>\t\t\t\t<\/div>\n\t\t\t\t<\/div>\n\t\t\t\t<div class=\"elementor-element elementor-element-9c9623a elementor-widget elementor-widget-button\" data-id=\"9c9623a\" data-element_type=\"widget\" data-widget_type=\"button.default\">\n\t\t\t\t<div class=\"elementor-widget-container\">\n\t\t\t\t\t\t\t\t\t<div class=\"elementor-button-wrapper\">\n\t\t\t\t\t<a class=\"elementor-button elementor-button-link elementor-size-sm\" href=\"https:\/\/gpopremier.com\/en\/productos\/\">\n\t\t\t\t\t\t<span class=\"elementor-button-content-wrapper\">\n\t\t\t\t\t\t\t\t\t<span class=\"elementor-button-text\">VIEW PRODUCTS<\/span>\n\t\t\t\t\t<\/span>\n\t\t\t\t\t<\/a>\n\t\t\t\t<\/div>\n\t\t\t\t\t\t\t\t<\/div>\n\t\t\t\t<\/div>\n\t\t\t\t<\/div>\n\t\t<div class=\"elementor-element elementor-element-e59d6cf e-con-full e-flex e-con e-child\" data-id=\"e59d6cf\" data-element_type=\"container\">\n\t\t\t\t<div class=\"elementor-element elementor-element-369939b elementor-widget elementor-widget-image\" data-id=\"369939b\" data-element_type=\"widget\" data-widget_type=\"image.default\">\n\t\t\t\t<div class=\"elementor-widget-container\">\n\t\t\t\t\t\t\t\t\t\t\t\t\t\t\t<img fetchpriority=\"high\" decoding=\"async\" width=\"374\" height=\"196\" src=\"https:\/\/gpopremier.com\/wp-content\/uploads\/2025\/05\/Grupo-Premier-blanco-.svg\" class=\"attachment-full size-full wp-image-1128\" alt=\"\" \/>\t\t\t\t\t\t\t\t\t\t\t\t\t\t\t<\/div>\n\t\t\t\t<\/div>\n\t\t\t\t<div class=\"elementor-element elementor-element-b7cd9f8 elementor-widget elementor-widget-image\" data-id=\"b7cd9f8\" data-element_type=\"widget\" data-widget_type=\"image.default\">\n\t\t\t\t<div class=\"elementor-widget-container\">\n\t\t\t\t\t\t\t\t\t\t\t\t\t\t\t<img decoding=\"async\" width=\"483\" height=\"443\" src=\"https:\/\/gpopremier.com\/wp-content\/uploads\/2025\/09\/GarantiaPremier.png\" class=\"attachment-large size-large wp-image-5174\" alt=\"\" srcset=\"https:\/\/gpopremier.com\/wp-content\/uploads\/2025\/09\/GarantiaPremier.png 483w, https:\/\/gpopremier.com\/wp-content\/uploads\/2025\/09\/GarantiaPremier-300x275.png 300w\" sizes=\"(max-width: 483px) 100vw, 483px\" \/>\t\t\t\t\t\t\t\t\t\t\t\t\t\t\t<\/div>\n\t\t\t\t<\/div>\n\t\t\t\t<\/div>\n\t\t<div class=\"elementor-element elementor-element-b443406 e-con-full e-flex e-con e-child\" data-id=\"b443406\" data-element_type=\"container\">\n\t\t\t\t<\/div>\n\t\t\t\t\t<\/div>\n\t\t\t\t<\/div>\n\t\t<div class=\"elementor-element elementor-element-d1a035d e-flex e-con-boxed e-con e-parent\" data-id=\"d1a035d\" data-element_type=\"container\" data-settings=\"{&quot;background_background&quot;:&quot;classic&quot;}\">\n\t\t\t\t\t<div class=\"e-con-inner\">\n\t\t<div class=\"elementor-element elementor-element-2b0f057 e-con-full e-flex e-con e-child\" data-id=\"2b0f057\" data-element_type=\"container\">\n\t\t<div class=\"elementor-element elementor-element-6389f63 e-con-full e-flex e-con e-child\" data-id=\"6389f63\" data-element_type=\"container\">\n\t\t\t\t<div class=\"elementor-element elementor-element-152724e elementor-widget elementor-widget-heading\" data-id=\"152724e\" data-element_type=\"widget\" data-widget_type=\"heading.default\">\n\t\t\t\t<div class=\"elementor-widget-container\">\n\t\t\t\t\t<h2 class=\"elementor-heading-title elementor-size-default\">Contact Us<\/h2>\t\t\t\t<\/div>\n\t\t\t\t<\/div>\n\t\t\t\t<div class=\"elementor-element elementor-element-6b698a3 elementor-widget elementor-widget-heading\" data-id=\"6b698a3\" data-element_type=\"widget\" data-widget_type=\"heading.default\">\n\t\t\t\t<div class=\"elementor-widget-container\">\n\t\t\t\t\t<h2 class=\"elementor-heading-title elementor-size-default\">AT GRUPO PREMIER, WE WANT TO HEAR FROM YOU<\/h2>\t\t\t\t<\/div>\n\t\t\t\t<\/div>\n\t\t\t\t<div class=\"elementor-element elementor-element-2b3fd4a elementor-widget__width-initial elementor-widget elementor-widget-text-editor\" data-id=\"2b3fd4a\" data-element_type=\"widget\" data-widget_type=\"text-editor.default\">\n\t\t\t\t<div class=\"elementor-widget-container\">\n\t\t\t\t\t\t\t\t\t<p>If you have any questions or comments, please reach out to us, and one of our team members will get in touch with you short<\/p><p class=\"translation-block\">Send us an email or message us on <a href=\"https:\/\/api.whatsapp.com\/send?phone=523312214726\" target=\"_blank\" rel=\"noopener\">WhatsApp.<\/a><\/p>\t\t\t\t\t\t\t\t<\/div>\n\t\t\t\t<\/div>\n\t\t\t\t<\/div>\n\t\t\t\t<\/div>\n\t\t<div class=\"elementor-element elementor-element-ecfeb16 e-con-full e-flex e-con e-child\" data-id=\"ecfeb16\" data-element_type=\"container\">\n\t\t<div class=\"elementor-element elementor-element-88dbd80 e-con-full e-flex e-con e-child\" data-id=\"88dbd80\" data-element_type=\"container\">\n\t\t<div class=\"elementor-element elementor-element-d026493 e-grid e-con-full e-con e-child\" data-id=\"d026493\" data-element_type=\"container\">\n\t\t<div class=\"elementor-element elementor-element-b2faddd e-con-full e-flex e-con e-child\" data-id=\"b2faddd\" data-element_type=\"container\">\n\t\t\t\t<div class=\"elementor-element elementor-element-75f9642 elementor-widget__width-initial elementor-widget elementor-widget-heading\" data-id=\"75f9642\" data-element_type=\"widget\" data-widget_type=\"heading.default\">\n\t\t\t\t<div class=\"elementor-widget-container\">\n\t\t\t\t\t<h2 class=\"elementor-heading-title elementor-size-default\">Social Media<\/h2>\t\t\t\t<\/div>\n\t\t\t\t<\/div>\n\t\t\t\t<div class=\"elementor-element elementor-element-fc524e7 e-grid-align-left elementor-widget__width-initial e-grid-align-mobile-center elementor-shape-rounded elementor-grid-0 elementor-widget elementor-widget-social-icons\" data-id=\"fc524e7\" data-element_type=\"widget\" data-widget_type=\"social-icons.default\">\n\t\t\t\t<div class=\"elementor-widget-container\">\n\t\t\t\t\t\t\t<div class=\"elementor-social-icons-wrapper elementor-grid\" role=\"list\">\n\t\t\t\t\t\t\t<span class=\"elementor-grid-item\" role=\"listitem\">\n\t\t\t\t\t<a class=\"elementor-icon elementor-social-icon elementor-social-icon-instagram elementor-repeater-item-6d96889\" href=\"https:\/\/www.instagram.com\/gpopremier\/#\" target=\"_blank\">\n\t\t\t\t\t\t<span class=\"elementor-screen-only\">Instagram<\/span>\n\t\t\t\t\t\t<svg aria-hidden=\"true\" class=\"e-font-icon-svg e-fab-instagram\" viewbox=\"0 0 448 512\" xmlns=\"http:\/\/www.w3.org\/2000\/svg\"><path d=\"M224.1 141c-63.6 0-114.9 51.3-114.9 114.9s51.3 114.9 114.9 114.9S339 319.5 339 255.9 287.7 141 224.1 141zm0 189.6c-41.1 0-74.7-33.5-74.7-74.7s33.5-74.7 74.7-74.7 74.7 33.5 74.7 74.7-33.6 74.7-74.7 74.7zm146.4-194.3c0 14.9-12 26.8-26.8 26.8-14.9 0-26.8-12-26.8-26.8s12-26.8 26.8-26.8 26.8 12 26.8 26.8zm76.1 27.2c-1.7-35.9-9.9-67.7-36.2-93.9-26.2-26.2-58-34.4-93.9-36.2-37-2.1-147.9-2.1-184.9 0-35.8 1.7-67.6 9.9-93.9 36.1s-34.4 58-36.2 93.9c-2.1 37-2.1 147.9 0 184.9 1.7 35.9 9.9 67.7 36.2 93.9s58 34.4 93.9 36.2c37 2.1 147.9 2.1 184.9 0 35.9-1.7 67.7-9.9 93.9-36.2 26.2-26.2 34.4-58 36.2-93.9 2.1-37 2.1-147.8 0-184.8zM398.8 388c-7.8 19.6-22.9 34.7-42.6 42.6-29.5 11.7-99.5 9-132.1 9s-102.7 2.6-132.1-9c-19.6-7.8-34.7-22.9-42.6-42.6-11.7-29.5-9-99.5-9-132.1s-2.6-102.7 9-132.1c7.8-19.6 22.9-34.7 42.6-42.6 29.5-11.7 99.5-9 132.1-9s102.7-2.6 132.1 9c19.6 7.8 34.7 22.9 42.6 42.6 11.7 29.5 9 99.5 9 132.1s2.7 102.7-9 132.1z\"><\/path><\/svg>\t\t\t\t\t<\/a>\n\t\t\t\t<\/span>\n\t\t\t\t\t\t\t<span class=\"elementor-grid-item\" role=\"listitem\">\n\t\t\t\t\t<a class=\"elementor-icon elementor-social-icon elementor-social-icon-x-twitter elementor-repeater-item-a6cde61\" href=\"https:\/\/x.com\/PremierGrupo\" target=\"_blank\">\n\t\t\t\t\t\t<span class=\"elementor-screen-only\">X-twitter<\/span>\n\t\t\t\t\t\t<svg aria-hidden=\"true\" class=\"e-font-icon-svg e-fab-x-twitter\" viewbox=\"0 0 512 512\" xmlns=\"http:\/\/www.w3.org\/2000\/svg\"><path d=\"M389.2 48h70.6L305.6 224.2 487 464H345L233.7 318.6 106.5 464H35.8L200.7 275.5 26.8 48H172.4L272.9 180.9 389.2 48zM364.4 421.8h39.1L151.1 88h-42L364.4 421.8z\"><\/path><\/svg>\t\t\t\t\t<\/a>\n\t\t\t\t<\/span>\n\t\t\t\t\t\t\t<span class=\"elementor-grid-item\" role=\"listitem\">\n\t\t\t\t\t<a class=\"elementor-icon elementor-social-icon elementor-social-icon-facebook elementor-repeater-item-86c7425\" href=\"https:\/\/www.facebook.com\/premierdeoccidente\" target=\"_blank\">\n\t\t\t\t\t\t<span class=\"elementor-screen-only\">Facebook<\/span>\n\t\t\t\t\t\t<svg aria-hidden=\"true\" class=\"e-font-icon-svg e-fab-facebook\" viewbox=\"0 0 512 512\" xmlns=\"http:\/\/www.w3.org\/2000\/svg\"><path d=\"M504 256C504 119 393 8 256 8S8 119 8 256c0 123.78 90.69 226.38 209.25 245V327.69h-63V256h63v-54.64c0-62.15 37-96.48 93.67-96.48 27.14 0 55.52 4.84 55.52 4.84v61h-31.28c-30.8 0-40.41 19.12-40.41 38.73V256h68.78l-11 71.69h-57.78V501C413.31 482.38 504 379.78 504 256z\"><\/path><\/svg>\t\t\t\t\t<\/a>\n\t\t\t\t<\/span>\n\t\t\t\t\t\t\t<span class=\"elementor-grid-item\" role=\"listitem\">\n\t\t\t\t\t<a class=\"elementor-icon elementor-social-icon elementor-social-icon-whatsapp elementor-repeater-item-9af69ce\" href=\"https:\/\/api.whatsapp.com\/send?phone=523321013788\" target=\"_blank\">\n\t\t\t\t\t\t<span class=\"elementor-screen-only\">Whatsapp<\/span>\n\t\t\t\t\t\t<svg aria-hidden=\"true\" class=\"e-font-icon-svg e-fab-whatsapp\" viewbox=\"0 0 448 512\" xmlns=\"http:\/\/www.w3.org\/2000\/svg\"><path d=\"M380.9 97.1C339 55.1 283.2 32 223.9 32c-122.4 0-222 99.6-222 222 0 39.1 10.2 77.3 29.6 111L0 480l117.7-30.9c32.4 17.7 68.9 27 106.1 27h.1c122.3 0 224.1-99.6 224.1-222 0-59.3-25.2-115-67.1-157zm-157 341.6c-33.2 0-65.7-8.9-94-25.7l-6.7-4-69.8 18.3L72 359.2l-4.4-7c-18.5-29.4-28.2-63.3-28.2-98.2 0-101.7 82.8-184.5 184.6-184.5 49.3 0 95.6 19.2 130.4 54.1 34.8 34.9 56.2 81.2 56.1 130.5 0 101.8-84.9 184.6-186.6 184.6zm101.2-138.2c-5.5-2.8-32.8-16.2-37.9-18-5.1-1.9-8.8-2.8-12.5 2.8-3.7 5.6-14.3 18-17.6 21.8-3.2 3.7-6.5 4.2-12 1.4-32.6-16.3-54-29.1-75.5-66-5.7-9.8 5.7-9.1 16.3-30.3 1.8-3.7.9-6.9-.5-9.7-1.4-2.8-12.5-30.1-17.1-41.2-4.5-10.8-9.1-9.3-12.5-9.5-3.2-.2-6.9-.2-10.6-.2-3.7 0-9.7 1.4-14.8 6.9-5.1 5.6-19.4 19-19.4 46.3 0 27.3 19.9 53.7 22.6 57.4 2.8 3.7 39.1 59.7 94.8 83.8 35.2 15.2 49 16.5 66.6 13.9 10.7-1.6 32.8-13.4 37.4-26.4 4.6-13 4.6-24.1 3.2-26.4-1.3-2.5-5-3.9-10.5-6.6z\"><\/path><\/svg>\t\t\t\t\t<\/a>\n\t\t\t\t<\/span>\n\t\t\t\t\t<\/div>\n\t\t\t\t\t\t<\/div>\n\t\t\t\t<\/div>\n\t\t\t\t<\/div>\n\t\t<div class=\"elementor-element elementor-element-b3635e7 e-con-full e-flex e-con e-child\" data-id=\"b3635e7\" data-element_type=\"container\">\n\t\t\t\t<div class=\"elementor-element elementor-element-f60f957 elementor-widget__width-initial elementor-widget elementor-widget-heading\" data-id=\"f60f957\" data-element_type=\"widget\" data-widget_type=\"heading.default\">\n\t\t\t\t<div class=\"elementor-widget-container\">\n\t\t\t\t\t<h2 class=\"elementor-heading-title elementor-size-default\">Address<\/h2>\t\t\t\t<\/div>\n\t\t\t\t<\/div>\n\t\t\t\t<div class=\"elementor-element elementor-element-566dea2 elementor-widget elementor-widget-text-editor\" data-id=\"566dea2\" data-element_type=\"widget\" data-widget_type=\"text-editor.default\">\n\t\t\t\t<div class=\"elementor-widget-container\">\n\t\t\t\t\t\t\t\t\t<p>Paseo del Pac\u00edfico 645 Carretera Guadalajara \u2013 Nogales km 13.5 Technology Park Guadalajara Zapopan, Jalisco, M\u00e9xico.<\/p>\t\t\t\t\t\t\t\t<\/div>\n\t\t\t\t<\/div>\n\t\t\t\t<\/div>\n\t\t<div class=\"elementor-element elementor-element-13816f6 e-con-full e-flex e-con e-child\" data-id=\"13816f6\" data-element_type=\"container\">\n\t\t\t\t<div class=\"elementor-element elementor-element-da5d653 elementor-widget__width-initial elementor-widget elementor-widget-heading\" data-id=\"da5d653\" data-element_type=\"widget\" data-widget_type=\"heading.default\">\n\t\t\t\t<div class=\"elementor-widget-container\">\n\t\t\t\t\t<h2 class=\"elementor-heading-title elementor-size-default\">Email<\/h2>\t\t\t\t<\/div>\n\t\t\t\t<\/div>\n\t\t<div class=\"elementor-element elementor-element-971ba0b e-con-full e-flex e-con e-child\" data-id=\"971ba0b\" data-element_type=\"container\">\n\t\t\t\t<div class=\"elementor-element elementor-element-1712dab e-grid-align-left elementor-widget__width-initial elementor-shape-rounded elementor-grid-0 elementor-widget elementor-widget-social-icons\" data-id=\"1712dab\" data-element_type=\"widget\" data-widget_type=\"social-icons.default\">\n\t\t\t\t<div class=\"elementor-widget-container\">\n\t\t\t\t\t\t\t<div class=\"elementor-social-icons-wrapper elementor-grid\">\n\t\t\t\t\t\t\t<span class=\"elementor-grid-item\">\n\t\t\t\t\t<a class=\"elementor-icon elementor-social-icon elementor-social-icon- elementor-repeater-item-6d96889\" href=\"mailto:info@premier.com?subject=Contacto%20desde%20web&#038;body=Haz%20recibido%20un%20mensaje\" target=\"_blank\">\n\t\t\t\t\t\t<span class=\"elementor-screen-only\"><\/span>\n\t\t\t\t\t\t<svg xmlns=\"http:\/\/www.w3.org\/2000\/svg\" width=\"20\" height=\"16\" viewbox=\"0 0 20 16\" fill=\"none\"><path d=\"M2 16C1.45 16 0.979333 15.8043 0.588 15.413C0.196667 15.0217 0.000666667 14.5507 0 14V2C0 1.45 0.196 0.979333 0.588 0.588C0.98 0.196666 1.45067 0.000666667 2 0H18C18.55 0 19.021 0.196 19.413 0.588C19.805 0.98 20.0007 1.45067 20 2V14C20 14.55 19.8043 15.021 19.413 15.413C19.0217 15.805 18.5507 16.0007 18 16H2ZM10 9L18 4V2L10 7L2 2V4L10 9Z\" fill=\"white\"><\/path><\/svg>\t\t\t\t\t<\/a>\n\t\t\t\t<\/span>\n\t\t\t\t\t<\/div>\n\t\t\t\t\t\t<\/div>\n\t\t\t\t<\/div>\n\t\t\t\t<div class=\"elementor-element elementor-element-e60bd4c elementor-list-item-link-inline elementor-mobile-align-center elementor-align-center elementor-icon-list--layout-traditional elementor-widget elementor-widget-icon-list\" data-id=\"e60bd4c\" data-element_type=\"widget\" data-widget_type=\"icon-list.default\">\n\t\t\t\t<div class=\"elementor-widget-container\">\n\t\t\t\t\t\t\t<ul class=\"elementor-icon-list-items\">\n\t\t\t\t\t\t\t<li class=\"elementor-icon-list-item\">\n\t\t\t\t\t\t\t\t\t\t\t<a href=\"mailto:info@gpopremier.com?subject=Contacto%20desde%20web&#038;body=Haz%20recibido%20un%20mensaje\">\n\n\t\t\t\t\t\t\t\t\t\t\t<span class=\"elementor-icon-list-text\">info@gpopremier.com<\/span>\n\t\t\t\t\t\t\t\t\t\t\t<\/a>\n\t\t\t\t\t\t\t\t\t<\/li>\n\t\t\t\t\t\t<\/ul>\n\t\t\t\t\t\t<\/div>\n\t\t\t\t<\/div>\n\t\t\t\t<\/div>\n\t\t\t\t<\/div>\n\t\t<div class=\"elementor-element elementor-element-d3d0e84 e-con-full e-flex e-con e-child\" data-id=\"d3d0e84\" data-element_type=\"container\">\n\t\t\t\t<div class=\"elementor-element elementor-element-a1fadf2 elementor-widget__width-initial elementor-widget elementor-widget-heading\" data-id=\"a1fadf2\" data-element_type=\"widget\" data-widget_type=\"heading.default\">\n\t\t\t\t<div class=\"elementor-widget-container\">\n\t\t\t\t\t<h2 class=\"elementor-heading-title elementor-size-default\">Phone<\/h2>\t\t\t\t<\/div>\n\t\t\t\t<\/div>\n\t\t<div class=\"elementor-element elementor-element-458a266 e-con-full e-flex e-con e-child\" data-id=\"458a266\" data-element_type=\"container\">\n\t\t\t\t<div class=\"elementor-element elementor-element-52a8c56 e-grid-align-left elementor-widget__width-initial elementor-shape-rounded elementor-grid-0 elementor-widget elementor-widget-social-icons\" data-id=\"52a8c56\" data-element_type=\"widget\" data-widget_type=\"social-icons.default\">\n\t\t\t\t<div class=\"elementor-widget-container\">\n\t\t\t\t\t\t\t<div class=\"elementor-social-icons-wrapper elementor-grid\">\n\t\t\t\t\t\t\t<span class=\"elementor-grid-item\">\n\t\t\t\t\t<a class=\"elementor-icon elementor-social-icon elementor-social-icon-phone-alt elementor-repeater-item-6d96889\" href=\"tel:3380008300\" target=\"_blank\">\n\t\t\t\t\t\t<span class=\"elementor-screen-only\">Phone-alt<\/span>\n\t\t\t\t\t\t<svg aria-hidden=\"true\" class=\"e-font-icon-svg e-fas-phone-alt\" viewbox=\"0 0 512 512\" xmlns=\"http:\/\/www.w3.org\/2000\/svg\"><path d=\"M497.39 361.8l-112-48a24 24 0 0 0-28 6.9l-49.6 60.6A370.66 370.66 0 0 1 130.6 204.11l60.6-49.6a23.94 23.94 0 0 0 6.9-28l-48-112A24.16 24.16 0 0 0 122.6.61l-104 24A24 24 0 0 0 0 48c0 256.5 207.9 464 464 464a24 24 0 0 0 23.4-18.6l24-104a24.29 24.29 0 0 0-14.01-27.6z\"><\/path><\/svg>\t\t\t\t\t<\/a>\n\t\t\t\t<\/span>\n\t\t\t\t\t<\/div>\n\t\t\t\t\t\t<\/div>\n\t\t\t\t<\/div>\n\t\t\t\t<div class=\"elementor-element elementor-element-f987f7d elementor-list-item-link-inline elementor-mobile-align-center elementor-align-center elementor-icon-list--layout-traditional elementor-widget elementor-widget-icon-list\" data-id=\"f987f7d\" data-element_type=\"widget\" data-widget_type=\"icon-list.default\">\n\t\t\t\t<div class=\"elementor-widget-container\">\n\t\t\t\t\t\t\t<ul class=\"elementor-icon-list-items\">\n\t\t\t\t\t\t\t<li class=\"elementor-icon-list-item\">\n\t\t\t\t\t\t\t\t\t\t\t<a href=\"tel:3380008300\">\n\n\t\t\t\t\t\t\t\t\t\t\t<span class=\"elementor-icon-list-text\">33 8000 8300<\/span>\n\t\t\t\t\t\t\t\t\t\t\t<\/a>\n\t\t\t\t\t\t\t\t\t<\/li>\n\t\t\t\t\t\t<\/ul>\n\t\t\t\t\t\t<\/div>\n\t\t\t\t<\/div>\n\t\t\t\t<\/div>\n\t\t\t\t<\/div>\n\t\t\t\t<\/div>\n\t\t\t\t<\/div>\n\t\t\t\t<\/div>\n\t\t<div class=\"elementor-element elementor-element-31bc083 e-con-full e-flex e-con e-child\" data-id=\"31bc083\" data-element_type=\"container\">\n\t\t\t\t<div class=\"elementor-element elementor-element-78ee974 elementor-widget elementor-widget-google_maps\" data-id=\"78ee974\" data-element_type=\"widget\" data-widget_type=\"google_maps.default\">\n\t\t\t\t<div class=\"elementor-widget-container\">\n\t\t\t\t\t\t\t<div class=\"elementor-custom-embed\">\n\t\t\t<iframe loading=\"lazy\"\n\t\t\t\t\tsrc=\"https:\/\/maps.google.com\/maps?q=Paseo%20del%20Pac%C3%ADfico%20645%20Carretera%20Guadalajara%20%E2%80%93%20Nogales%20km%2013.5%20Technology%20Park%20Guadalajara%20Zapopan%2C%20Jalisco%2C%20M%C3%A9xico.&#038;t=m&#038;z=15&#038;output=embed&#038;iwloc=near\"\n\t\t\t\t\ttitle=\"Paseo del Pac\u00edfico 645 Carretera Guadalajara \u2013 Nogales km 13.5 Technology Park Guadalajara Zapopan, Jalisco, M\u00e9xico.\"\n\t\t\t\t\taria-label=\"Paseo del Pac\u00edfico 645 Carretera Guadalajara \u2013 Nogales km 13.5 Technology Park Guadalajara Zapopan, Jalisco, M\u00e9xico.\"\n\t\t\t><\/iframe>\n\t\t<\/div>\n\t\t\t\t\t\t<\/div>\n\t\t\t\t<\/div>\n\t\t\t\t<\/div>\n\t\t\t\t\t<\/div>\n\t\t\t\t<\/div>\n\t\t\t\t<\/div>","protected":false},"excerpt":{"rendered":"<p>Contacto VER PRODUCTOS Cont\u00e1ctanos EN GRUPO PREMIER, QUEREMOS ESCUCHAR DE TI Si tienes alguna duda o comentario comun\u00edcate con nosotros y en breve uno de nuestros compa\u00f1eros se pondr\u00e1 en contacto contigo.\u2028 Env\u00edanos un correo electr\u00f3nico o m\u00e1ndanos mensaje por WhatsApp. Redes sociales Instagram X-twitter Facebook Whatsapp Direcci\u00f3n Paseo del Pac\u00edfico 645 Carretera Guadalajara \u2013 [&hellip;]<\/p>","protected":false},"author":1,"featured_media":0,"parent":0,"menu_order":0,"comment_status":"closed","ping_status":"closed","template":"","meta":{"footnotes":""},"class_list":["post-154","page","type-page","status-publish","hentry"],"yoast_head":"<!-- This site is optimized with the Yoast SEO plugin v26.6 - https:\/\/yoast.com\/wordpress\/plugins\/seo\/ -->\n<title>Contacto | GPO Premier<\/title>\n<meta name=\"description\" content=\"Comun\u00edcate con Grupo Premier, proveedor l\u00edder de frutos secos, nueces y semillas al mayoreo en M\u00e9xico.\" \/>\n<meta name=\"robots\" content=\"index, follow, max-snippet:-1, max-image-preview:large, max-video-preview:-1\" \/>\n<link rel=\"canonical\" href=\"https:\/\/gpopremier.com\/en\/contacto\/\" \/>\n<meta property=\"og:locale\" content=\"en_US\" \/>\n<meta property=\"og:type\" content=\"article\" \/>\n<meta property=\"og:title\" content=\"Contacto | GPO Premier\" \/>\n<meta property=\"og:description\" content=\"Comun\u00edcate con Grupo Premier, proveedor l\u00edder de frutos secos, nueces y semillas al mayoreo en M\u00e9xico.\" \/>\n<meta property=\"og:url\" content=\"https:\/\/gpopremier.com\/en\/contacto\/\" \/>\n<meta property=\"og:site_name\" content=\"Grupo Premier\" \/>\n<meta property=\"article:modified_time\" content=\"2025-10-08T00:15:21+00:00\" \/>\n<meta name=\"twitter:card\" content=\"summary_large_image\" \/>\n<meta name=\"twitter:label1\" content=\"Est. reading time\" \/>\n\t<meta name=\"twitter:data1\" content=\"1 minute\" \/>\n<script type=\"application\/ld+json\" class=\"yoast-schema-graph\">{\"@context\":\"https:\/\/schema.org\",\"@graph\":[{\"@type\":\"WebPage\",\"@id\":\"https:\/\/gpopremier.com\/contacto\/\",\"url\":\"https:\/\/gpopremier.com\/contacto\/\",\"name\":\"Contacto | GPO Premier\",\"isPartOf\":{\"@id\":\"https:\/\/gpopremier.com\/#website\"},\"primaryImageOfPage\":{\"@id\":\"https:\/\/gpopremier.com\/contacto\/#primaryimage\"},\"image\":{\"@id\":\"https:\/\/gpopremier.com\/contacto\/#primaryimage\"},\"thumbnailUrl\":\"https:\/\/gpopremier.com\/wp-content\/uploads\/2025\/05\/Grupo-Premier-blanco-.svg\",\"datePublished\":\"2025-05-26T17:58:57+00:00\",\"dateModified\":\"2025-10-08T00:15:21+00:00\",\"description\":\"Comun\u00edcate con Grupo Premier, proveedor l\u00edder de frutos secos, nueces y semillas al mayoreo en M\u00e9xico.\",\"breadcrumb\":{\"@id\":\"https:\/\/gpopremier.com\/contacto\/#breadcrumb\"},\"inLanguage\":\"en-US\",\"potentialAction\":[{\"@type\":\"ReadAction\",\"target\":[\"https:\/\/gpopremier.com\/contacto\/\"]}]},{\"@type\":\"ImageObject\",\"inLanguage\":\"en-US\",\"@id\":\"https:\/\/gpopremier.com\/contacto\/#primaryimage\",\"url\":\"https:\/\/gpopremier.com\/wp-content\/uploads\/2025\/05\/Grupo-Premier-blanco-.svg\",\"contentUrl\":\"https:\/\/gpopremier.com\/wp-content\/uploads\/2025\/05\/Grupo-Premier-blanco-.svg\"},{\"@type\":\"BreadcrumbList\",\"@id\":\"https:\/\/gpopremier.com\/contacto\/#breadcrumb\",\"itemListElement\":[{\"@type\":\"ListItem\",\"position\":1,\"name\":\"Inicio\",\"item\":\"https:\/\/gpopremier.com\/\"},{\"@type\":\"ListItem\",\"position\":2,\"name\":\"Contacto\"}]},{\"@type\":\"WebSite\",\"@id\":\"https:\/\/gpopremier.com\/#website\",\"url\":\"https:\/\/gpopremier.com\/\",\"name\":\"Grupo Premier\",\"description\":\"\",\"potentialAction\":[{\"@type\":\"SearchAction\",\"target\":{\"@type\":\"EntryPoint\",\"urlTemplate\":\"https:\/\/gpopremier.com\/?s={search_term_string}\"},\"query-input\":{\"@type\":\"PropertyValueSpecification\",\"valueRequired\":true,\"valueName\":\"search_term_string\"}}],\"inLanguage\":\"en-US\"}]}<\/script>\n<!-- \/ Yoast SEO plugin. -->","yoast_head_json":{"title":"Contacto | GPO Premier","description":"Comun\u00edcate con Grupo Premier, proveedor l\u00edder de frutos secos, nueces y semillas al mayoreo en M\u00e9xico.","robots":{"index":"index","follow":"follow","max-snippet":"max-snippet:-1","max-image-preview":"max-image-preview:large","max-video-preview":"max-video-preview:-1"},"canonical":"https:\/\/gpopremier.com\/en\/contacto\/","og_locale":"en_US","og_type":"article","og_title":"Contacto | GPO Premier","og_description":"Comun\u00edcate con Grupo Premier, proveedor l\u00edder de frutos secos, nueces y semillas al mayoreo en M\u00e9xico.","og_url":"https:\/\/gpopremier.com\/en\/contacto\/","og_site_name":"Grupo Premier","article_modified_time":"2025-10-08T00:15:21+00:00","twitter_card":"summary_large_image","twitter_misc":{"Est. reading time":"1 minute"},"schema":{"@context":"https:\/\/schema.org","@graph":[{"@type":"WebPage","@id":"https:\/\/gpopremier.com\/contacto\/","url":"https:\/\/gpopremier.com\/contacto\/","name":"Contacto | GPO Premier","isPartOf":{"@id":"https:\/\/gpopremier.com\/#website"},"primaryImageOfPage":{"@id":"https:\/\/gpopremier.com\/contacto\/#primaryimage"},"image":{"@id":"https:\/\/gpopremier.com\/contacto\/#primaryimage"},"thumbnailUrl":"https:\/\/gpopremier.com\/wp-content\/uploads\/2025\/05\/Grupo-Premier-blanco-.svg","datePublished":"2025-05-26T17:58:57+00:00","dateModified":"2025-10-08T00:15:21+00:00","description":"Comun\u00edcate con Grupo Premier, proveedor l\u00edder de frutos secos, nueces y semillas al mayoreo en M\u00e9xico.","breadcrumb":{"@id":"https:\/\/gpopremier.com\/contacto\/#breadcrumb"},"inLanguage":"en-US","potentialAction":[{"@type":"ReadAction","target":["https:\/\/gpopremier.com\/contacto\/"]}]},{"@type":"ImageObject","inLanguage":"en-US","@id":"https:\/\/gpopremier.com\/contacto\/#primaryimage","url":"https:\/\/gpopremier.com\/wp-content\/uploads\/2025\/05\/Grupo-Premier-blanco-.svg","contentUrl":"https:\/\/gpopremier.com\/wp-content\/uploads\/2025\/05\/Grupo-Premier-blanco-.svg"},{"@type":"BreadcrumbList","@id":"https:\/\/gpopremier.com\/contacto\/#breadcrumb","itemListElement":[{"@type":"ListItem","position":1,"name":"Inicio","item":"https:\/\/gpopremier.com\/"},{"@type":"ListItem","position":2,"name":"Contacto"}]},{"@type":"WebSite","@id":"https:\/\/gpopremier.com\/#website","url":"https:\/\/gpopremier.com\/","name":"Grupo Premier","description":"","potentialAction":[{"@type":"SearchAction","target":{"@type":"EntryPoint","urlTemplate":"https:\/\/gpopremier.com\/?s={search_term_string}"},"query-input":{"@type":"PropertyValueSpecification","valueRequired":true,"valueName":"search_term_string"}}],"inLanguage":"en-US"}]}},"_hostinger_reach_plugin_has_subscription_block":false,"_hostinger_reach_plugin_is_elementor":false,"_links":{"self":[{"href":"https:\/\/gpopremier.com\/en\/wp-json\/wp\/v2\/pages\/154","targetHints":{"allow":["GET"]}}],"collection":[{"href":"https:\/\/gpopremier.com\/en\/wp-json\/wp\/v2\/pages"}],"about":[{"href":"https:\/\/gpopremier.com\/en\/wp-json\/wp\/v2\/types\/page"}],"author":[{"embeddable":true,"href":"https:\/\/gpopremier.com\/en\/wp-json\/wp\/v2\/users\/1"}],"replies":[{"embeddable":true,"href":"https:\/\/gpopremier.com\/en\/wp-json\/wp\/v2\/comments?post=154"}],"version-history":[{"count":289,"href":"https:\/\/gpopremier.com\/en\/wp-json\/wp\/v2\/pages\/154\/revisions"}],"predecessor-version":[{"id":5645,"href":"https:\/\/gpopremier.com\/en\/wp-json\/wp\/v2\/pages\/154\/revisions\/5645"}],"wp:attachment":[{"href":"https:\/\/gpopremier.com\/en\/wp-json\/wp\/v2\/media?parent=154"}],"curies":[{"name":"wp","href":"https:\/\/api.w.org\/{rel}","templated":true}]}}