{"id":142,"date":"2025-05-26T17:56:52","date_gmt":"2025-05-26T17:56:52","guid":{"rendered":"https:\/\/gpopremier.com\/?page_id=142"},"modified":"2025-09-12T23:00:16","modified_gmt":"2025-09-12T23:00:16","slug":"fundacion","status":"publish","type":"page","link":"https:\/\/gpopremier.com\/en\/fundacion\/","title":{"rendered":"Foundation"},"content":{"rendered":"<div data-elementor-type=\"wp-page\" data-elementor-id=\"142\" class=\"elementor elementor-142\" data-elementor-post-type=\"page\">\n\t\t\t\t<div class=\"elementor-element elementor-element-4d962b1 e-flex e-con-boxed e-con e-parent\" data-id=\"4d962b1\" data-element_type=\"container\" data-settings=\"{&quot;background_background&quot;:&quot;classic&quot;}\">\n\t\t\t\t\t<div class=\"e-con-inner\">\n\t\t<div class=\"elementor-element elementor-element-2387941 e-con-full e-flex e-con e-child\" data-id=\"2387941\" data-element_type=\"container\">\n\t\t\t\t<div class=\"elementor-element elementor-element-8db54ac elementor-widget elementor-widget-image\" data-id=\"8db54ac\" data-element_type=\"widget\" data-widget_type=\"image.default\">\n\t\t\t\t<div class=\"elementor-widget-container\">\n\t\t\t\t\t\t\t\t\t\t\t\t\t\t\t<img fetchpriority=\"high\" decoding=\"async\" width=\"645\" height=\"332\" src=\"https:\/\/gpopremier.com\/wp-content\/uploads\/2025\/09\/Recurso-1.png\" class=\"attachment-full size-full wp-image-5149\" alt=\"\" srcset=\"https:\/\/gpopremier.com\/wp-content\/uploads\/2025\/09\/Recurso-1.png 645w, https:\/\/gpopremier.com\/wp-content\/uploads\/2025\/09\/Recurso-1-600x309.png 600w, https:\/\/gpopremier.com\/wp-content\/uploads\/2025\/09\/Recurso-1-300x154.png 300w\" sizes=\"(max-width: 645px) 100vw, 645px\" \/>\t\t\t\t\t\t\t\t\t\t\t\t\t\t\t<\/div>\n\t\t\t\t<\/div>\n\t\t\t\t<div class=\"elementor-element elementor-element-10de7ff elementor-align-left elementor-laptop-align-left elementor-widget__width-initial elementor-mobile-align-center elementor-widget elementor-widget-button\" data-id=\"10de7ff\" data-element_type=\"widget\" data-widget_type=\"button.default\">\n\t\t\t\t<div class=\"elementor-widget-container\">\n\t\t\t\t\t\t\t\t\t<div class=\"elementor-button-wrapper\">\n\t\t\t\t\t<a class=\"elementor-button elementor-button-link elementor-size-sm\" href=\"https:\/\/gpopremier.com\/en\/productos\/\">\n\t\t\t\t\t\t<span class=\"elementor-button-content-wrapper\">\n\t\t\t\t\t\t\t\t\t<span class=\"elementor-button-text\">View Products<\/span>\n\t\t\t\t\t<\/span>\n\t\t\t\t\t<\/a>\n\t\t\t\t<\/div>\n\t\t\t\t\t\t\t\t<\/div>\n\t\t\t\t<\/div>\n\t\t\t\t<\/div>\n\t\t<div class=\"elementor-element elementor-element-b9fa04a e-con-full e-flex e-con e-child\" data-id=\"b9fa04a\" data-element_type=\"container\">\n\t\t\t\t<div class=\"elementor-element elementor-element-b37d5e4 elementor-widget elementor-widget-image\" data-id=\"b37d5e4\" data-element_type=\"widget\" data-widget_type=\"image.default\">\n\t\t\t\t<div class=\"elementor-widget-container\">\n\t\t\t\t\t\t\t\t\t\t\t\t\t\t\t<img decoding=\"async\" width=\"840\" height=\"267\" src=\"https:\/\/gpopremier.com\/wp-content\/uploads\/2025\/09\/fundacion-ingles-1.png\" class=\"attachment-full size-full wp-image-5301\" alt=\"\" srcset=\"https:\/\/gpopremier.com\/wp-content\/uploads\/2025\/09\/fundacion-ingles-1.png 691w, https:\/\/gpopremier.com\/wp-content\/uploads\/2025\/09\/fundacion-ingles-1-600x175.png 600w, https:\/\/gpopremier.com\/wp-content\/uploads\/2025\/09\/fundacion-ingles-1-300x88.png 300w, https:\/\/gpopremier.com\/wp-content\/uploads\/2025\/09\/fundacion-ingles-1-18x5.png 18w\" sizes=\"(max-width: 840px) 100vw, 840px\" \/>\t\t\t\t\t\t\t\t\t\t\t\t\t\t\t<\/div>\n\t\t\t\t<\/div>\n\t\t\t\t<\/div>\n\t\t\t\t\t<\/div>\n\t\t\t\t<\/div>\n\t\t<div class=\"elementor-element elementor-element-f44aa4c e-flex e-con-boxed e-con e-parent\" data-id=\"f44aa4c\" data-element_type=\"container\" data-settings=\"{&quot;background_background&quot;:&quot;classic&quot;}\">\n\t\t\t\t\t<div class=\"e-con-inner\">\n\t\t<div class=\"elementor-element elementor-element-5771979 e-con-full e-flex e-con e-child\" data-id=\"5771979\" data-element_type=\"container\">\n\t\t\t\t<div class=\"elementor-element elementor-element-8b6aca9 elementor-widget elementor-widget-image\" data-id=\"8b6aca9\" data-element_type=\"widget\" data-widget_type=\"image.default\">\n\t\t\t\t<div class=\"elementor-widget-container\">\n\t\t\t\t\t\t\t\t\t\t\t\t\t\t\t<img decoding=\"async\" width=\"507\" height=\"268\" src=\"https:\/\/gpopremier.com\/wp-content\/uploads\/2025\/06\/Fundacion-remier-B--e1750088052444.png\" class=\"attachment-large size-large wp-image-1298\" alt=\"\" srcset=\"https:\/\/gpopremier.com\/wp-content\/uploads\/2025\/06\/Fundacion-remier-B--e1750088052444.png 507w, https:\/\/gpopremier.com\/wp-content\/uploads\/2025\/06\/Fundacion-remier-B--e1750088052444-300x159.png 300w\" sizes=\"(max-width: 507px) 100vw, 507px\" \/>\t\t\t\t\t\t\t\t\t\t\t\t\t\t\t<\/div>\n\t\t\t\t<\/div>\n\t\t\t\t<\/div>\n\t\t<div class=\"elementor-element elementor-element-fa0f7b1 e-con-full e-flex e-con e-child\" data-id=\"fa0f7b1\" data-element_type=\"container\">\n\t\t\t\t<div class=\"elementor-element elementor-element-bd155c7 elementor-widget elementor-widget-heading\" data-id=\"bd155c7\" data-element_type=\"widget\" data-widget_type=\"heading.default\">\n\t\t\t\t<div class=\"elementor-widget-container\">\n\t\t\t\t\t<h2 class=\"elementor-heading-title elementor-size-default\">Premier Foundation<\/h2>\t\t\t\t<\/div>\n\t\t\t\t<\/div>\n\t\t\t\t<div class=\"elementor-element elementor-element-31dd3d2 elementor-widget elementor-widget-text-editor\" data-id=\"31dd3d2\" data-element_type=\"widget\" data-widget_type=\"text-editor.default\">\n\t\t\t\t<div class=\"elementor-widget-container\">\n\t\t\t\t\t\t\t\t\t<p>It was created with the purpose of improving the quality of life for Premier employees, providing support in key areas such as housing, health, and financial well-being.<\/p>\t\t\t\t\t\t\t\t<\/div>\n\t\t\t\t<\/div>\n\t\t\t\t<\/div>\n\t\t\t\t\t<\/div>\n\t\t\t\t<\/div>\n\t\t<div class=\"elementor-element elementor-element-4d1f8ca e-flex e-con-boxed e-con e-parent\" data-id=\"4d1f8ca\" data-element_type=\"container\">\n\t\t\t\t\t<div class=\"e-con-inner\">\n\t\t<div class=\"elementor-element elementor-element-ead9cdb e-con-full e-flex e-con e-child\" data-id=\"ead9cdb\" data-element_type=\"container\">\n\t\t\t\t<div class=\"elementor-element elementor-element-143a3ab elementor-widget elementor-widget-heading\" data-id=\"143a3ab\" data-element_type=\"widget\" data-widget_type=\"heading.default\">\n\t\t\t\t<div class=\"elementor-widget-container\">\n\t\t\t\t\t<h2 class=\"elementor-heading-title elementor-size-default\">Our<\/h2>\t\t\t\t<\/div>\n\t\t\t\t<\/div>\n\t\t\t\t<div class=\"elementor-element elementor-element-47f749e elementor-widget elementor-widget-heading\" data-id=\"47f749e\" data-element_type=\"widget\" data-widget_type=\"heading.default\">\n\t\t\t\t<div class=\"elementor-widget-container\">\n\t\t\t\t\t<h2 class=\"elementor-heading-title elementor-size-default\">Mission<\/h2>\t\t\t\t<\/div>\n\t\t\t\t<\/div>\n\t\t\t\t<div class=\"elementor-element elementor-element-7d87c9f elementor-widget__width-initial elementor-widget elementor-widget-text-editor\" data-id=\"7d87c9f\" data-element_type=\"widget\" data-widget_type=\"text-editor.default\">\n\t\t\t\t<div class=\"elementor-widget-container\">\n\t\t\t\t\t\t\t\t\t<p>At Premier Foundation, we work to improve the quality of life of our employees.<\/p><p>Through support programs, training, and guidance, we aim to equip every Premier employee with the tools and opportunities they need to grow, thrive, and build a more stable and secure future for themselves and their families.<\/p>\t\t\t\t\t\t\t\t<\/div>\n\t\t\t\t<\/div>\n\t\t\t\t<\/div>\n\t\t<div class=\"elementor-element elementor-element-1c78c7b e-con-full e-flex e-con e-child\" data-id=\"1c78c7b\" data-element_type=\"container\">\n\t\t\t\t<div class=\"elementor-element elementor-element-092f5b8 elementor-widget elementor-widget-image\" data-id=\"092f5b8\" data-element_type=\"widget\" data-widget_type=\"image.default\">\n\t\t\t\t<div class=\"elementor-widget-container\">\n\t\t\t\t\t\t\t\t\t\t\t\t\t\t\t<img loading=\"lazy\" decoding=\"async\" width=\"590\" height=\"658\" src=\"https:\/\/gpopremier.com\/wp-content\/uploads\/2025\/09\/Presentacion-fundacion-1.png\" class=\"attachment-full size-full wp-image-3448\" alt=\"\" srcset=\"https:\/\/gpopremier.com\/wp-content\/uploads\/2025\/09\/Presentacion-fundacion-1.png 590w, https:\/\/gpopremier.com\/wp-content\/uploads\/2025\/09\/Presentacion-fundacion-1-269x300.png 269w\" sizes=\"(max-width: 590px) 100vw, 590px\" \/>\t\t\t\t\t\t\t\t\t\t\t\t\t\t\t<\/div>\n\t\t\t\t<\/div>\n\t\t\t\t<\/div>\n\t\t<div class=\"elementor-element elementor-element-6ba9c06 e-con-full e-flex e-con e-child\" data-id=\"6ba9c06\" data-element_type=\"container\">\n\t\t\t\t<div class=\"elementor-element elementor-element-833fcd2 elementor-widget elementor-widget-heading\" data-id=\"833fcd2\" data-element_type=\"widget\" data-widget_type=\"heading.default\">\n\t\t\t\t<div class=\"elementor-widget-container\">\n\t\t\t\t\t<h2 class=\"elementor-heading-title elementor-size-default\">Our<\/h2>\t\t\t\t<\/div>\n\t\t\t\t<\/div>\n\t\t\t\t<div class=\"elementor-element elementor-element-9f2bba6 elementor-widget elementor-widget-heading\" data-id=\"9f2bba6\" data-element_type=\"widget\" data-widget_type=\"heading.default\">\n\t\t\t\t<div class=\"elementor-widget-container\">\n\t\t\t\t\t<h2 class=\"elementor-heading-title elementor-size-default\">VISION<\/h2>\t\t\t\t<\/div>\n\t\t\t\t<\/div>\n\t\t\t\t<div class=\"elementor-element elementor-element-e555a73 elementor-widget__width-initial elementor-widget elementor-widget-text-editor\" data-id=\"e555a73\" data-element_type=\"widget\" data-widget_type=\"text-editor.default\">\n\t\t\t\t<div class=\"elementor-widget-container\">\n\t\t\t\t\t\t\t\t\t<p>To be a leading foundation in the business sector, recognized for our commitment to the well-being of our employees.<\/p><p>Promoting a more humane, supportive, and sustainable work environment.<\/p><p>We envision ourselves as a model of corporate support, where every Premier employee feels valued, supported, and empowered with real opportunities to improve their quality of life and that of their loved ones.<\/p>\t\t\t\t\t\t\t\t<\/div>\n\t\t\t\t<\/div>\n\t\t\t\t<\/div>\n\t\t\t\t\t<\/div>\n\t\t\t\t<\/div>\n\t\t<div class=\"elementor-element elementor-element-0a596e9 e-flex e-con-boxed e-con e-parent\" data-id=\"0a596e9\" data-element_type=\"container\">\n\t\t\t\t\t<div class=\"e-con-inner\">\n\t\t\t\t<div class=\"elementor-element elementor-element-bfba920 elementor-widget elementor-widget-heading\" data-id=\"bfba920\" data-element_type=\"widget\" data-widget_type=\"heading.default\">\n\t\t\t\t<div class=\"elementor-widget-container\">\n\t\t\t\t\t<h2 class=\"elementor-heading-title elementor-size-default\">is founded<\/h2>\t\t\t\t<\/div>\n\t\t\t\t<\/div>\n\t\t\t\t<div class=\"elementor-element elementor-element-434d975 elementor-widget-mobile__width-initial elementor-widget elementor-widget-heading\" data-id=\"434d975\" data-element_type=\"widget\" data-widget_type=\"heading.default\">\n\t\t\t\t<div class=\"elementor-widget-container\">\n\t\t\t\t\t<h2 class=\"elementor-heading-title elementor-size-default\">Premier Foundation <\/h2>\t\t\t\t<\/div>\n\t\t\t\t<\/div>\n\t\t\t\t\t<\/div>\n\t\t\t\t<\/div>\n\t\t<div class=\"elementor-element elementor-element-595c260 elementor-hidden-desktop elementor-hidden-laptop elementor-hidden-tablet e-flex e-con-boxed e-con e-parent\" data-id=\"595c260\" data-element_type=\"container\">\n\t\t\t\t\t<div class=\"e-con-inner\">\n\t\t<div class=\"elementor-element elementor-element-8d87857 e-con-full e-flex e-con e-child\" data-id=\"8d87857\" data-element_type=\"container\">\n\t\t\t\t<div class=\"elementor-element elementor-element-438ebcd elementor-widget__width-initial elementor-widget elementor-widget-text-editor\" data-id=\"438ebcd\" data-element_type=\"widget\" data-widget_type=\"text-editor.default\">\n\t\t\t\t<div class=\"elementor-widget-container\">\n\t\t\t\t\t\t\t\t\t<p>It was created with the mission of supporting Premier employees, ensuring that those who need it most have access to a better life.<\/p>\t\t\t\t\t\t\t\t<\/div>\n\t\t\t\t<\/div>\n\t\t<div class=\"elementor-element elementor-element-4dfe6ba e-con-full e-flex e-con e-child\" data-id=\"4dfe6ba\" data-element_type=\"container\">\n\t\t\t\t<div class=\"elementor-element elementor-element-2572cf9 elementor-widget__width-initial elementor-widget elementor-widget-text-editor\" data-id=\"2572cf9\" data-element_type=\"widget\" data-widget_type=\"text-editor.default\">\n\t\t\t\t<div class=\"elementor-widget-container\">\n\t\t\t\t\t\t\t\t\t<p>With a solid operating model, a focus on real needs, and a commitment to transparency and efficiency, the foundation will become a key pillar of well-being within the company.<\/p>\t\t\t\t\t\t\t\t<\/div>\n\t\t\t\t<\/div>\n\t\t\t\t<\/div>\n\t\t\t\t<\/div>\n\t\t<div class=\"elementor-element elementor-element-b8c44f2 e-con-full e-flex e-con e-child\" data-id=\"b8c44f2\" data-element_type=\"container\" data-settings=\"{&quot;background_background&quot;:&quot;classic&quot;}\">\n\t\t\t\t<\/div>\n\t\t\t\t\t<\/div>\n\t\t\t\t<\/div>\n\t\t<div class=\"elementor-element elementor-element-52bed85 elementor-hidden-mobile e-flex e-con-boxed e-con e-parent\" data-id=\"52bed85\" data-element_type=\"container\">\n\t\t\t\t\t<div class=\"e-con-inner\">\n\t\t\t\t<div class=\"elementor-element elementor-element-d967bd8 elementor-absolute elementor-hidden-tablet elementor-hidden-mobile elementor-widget elementor-widget-image\" data-id=\"d967bd8\" data-element_type=\"widget\" data-settings=\"{&quot;_position&quot;:&quot;absolute&quot;}\" data-widget_type=\"image.default\">\n\t\t\t\t<div class=\"elementor-widget-container\">\n\t\t\t\t\t\t\t\t\t\t\t\t\t\t\t<img loading=\"lazy\" decoding=\"async\" width=\"564\" height=\"397\" src=\"https:\/\/gpopremier.com\/wp-content\/uploads\/2025\/05\/Rectangle-33.png\" class=\"attachment-large size-large wp-image-325\" alt=\"\" srcset=\"https:\/\/gpopremier.com\/wp-content\/uploads\/2025\/05\/Rectangle-33.png 564w, https:\/\/gpopremier.com\/wp-content\/uploads\/2025\/05\/Rectangle-33-300x211.png 300w\" sizes=\"(max-width: 564px) 100vw, 564px\" \/>\t\t\t\t\t\t\t\t\t\t\t\t\t\t\t<\/div>\n\t\t\t\t<\/div>\n\t\t<div class=\"elementor-element elementor-element-0a4f8c6 e-con-full e-flex e-con e-child\" data-id=\"0a4f8c6\" data-element_type=\"container\">\n\t\t\t\t<div class=\"elementor-element elementor-element-fb847b4 elementor-widget__width-initial elementor-widget elementor-widget-text-editor\" data-id=\"fb847b4\" data-element_type=\"widget\" data-widget_type=\"text-editor.default\">\n\t\t\t\t<div class=\"elementor-widget-container\">\n\t\t\t\t\t\t\t\t\t<p>It was created with the mission of supporting Premier employees, ensuring that those who need it most have access to a better life.<\/p>\t\t\t\t\t\t\t\t<\/div>\n\t\t\t\t<\/div>\n\t\t\t\t<\/div>\n\t\t<div class=\"elementor-element elementor-element-864d56e e-con-full e-flex e-con e-child\" data-id=\"864d56e\" data-element_type=\"container\" data-settings=\"{&quot;background_background&quot;:&quot;classic&quot;}\">\n\t\t\t\t<\/div>\n\t\t\t\t<div class=\"elementor-element elementor-element-4fe8f1c elementor-absolute elementor-hidden-mobile elementor-widget elementor-widget-image\" data-id=\"4fe8f1c\" data-element_type=\"widget\" data-settings=\"{&quot;_position&quot;:&quot;absolute&quot;}\" data-widget_type=\"image.default\">\n\t\t\t\t<div class=\"elementor-widget-container\">\n\t\t\t\t\t\t\t\t\t\t\t\t\t\t\t<img loading=\"lazy\" decoding=\"async\" width=\"396\" height=\"565\" src=\"https:\/\/gpopremier.com\/wp-content\/uploads\/2025\/06\/Rectangle-82-1.png\" class=\"attachment-large size-large wp-image-1345\" alt=\"\" srcset=\"https:\/\/gpopremier.com\/wp-content\/uploads\/2025\/06\/Rectangle-82-1.png 396w, https:\/\/gpopremier.com\/wp-content\/uploads\/2025\/06\/Rectangle-82-1-210x300.png 210w\" sizes=\"(max-width: 396px) 100vw, 396px\" \/>\t\t\t\t\t\t\t\t\t\t\t\t\t\t\t<\/div>\n\t\t\t\t<\/div>\n\t\t<div class=\"elementor-element elementor-element-31bd390 e-con-full e-flex e-con e-child\" data-id=\"31bd390\" data-element_type=\"container\">\n\t\t\t\t<div class=\"elementor-element elementor-element-1ec1e63 elementor-widget__width-initial elementor-widget elementor-widget-text-editor\" data-id=\"1ec1e63\" data-element_type=\"widget\" data-widget_type=\"text-editor.default\">\n\t\t\t\t<div class=\"elementor-widget-container\">\n\t\t\t\t\t\t\t\t\t<p>With a solid operating model, a focus on real needs, and a commitment to transparency and efficiency, the foundation will become a key pillar of well-being within the company.<\/p>\t\t\t\t\t\t\t\t<\/div>\n\t\t\t\t<\/div>\n\t\t\t\t<\/div>\n\t\t\t\t\t<\/div>\n\t\t\t\t<\/div>\n\t\t\t\t<\/div>","protected":false},"excerpt":{"rendered":"<p>Ver productos Fundaci\u00f3n Premier Nace con el prop\u00f3sito de mejorar la calidad de vida de los colaboradores de Premier, brindando apoyo en \u00e1reas clave como vivienda, salud y bienestar financiero. \u200b Nuestra MISI\u00d3N En Fundaci\u00f3n Premier, trabajamos para mejorar la calidad de vida de nuestros colaboradores. A trav\u00e9s de programas de ayuda, capacitaci\u00f3n y acompa\u00f1amiento, [&hellip;]<\/p>","protected":false},"author":1,"featured_media":0,"parent":0,"menu_order":0,"comment_status":"closed","ping_status":"closed","template":"","meta":{"footnotes":""},"class_list":["post-142","page","type-page","status-publish","hentry"],"yoast_head":"<!-- This site is optimized with the Yoast SEO plugin v26.6 - https:\/\/yoast.com\/wordpress\/plugins\/seo\/ -->\n<title>Fundaci\u00f3n | GPO Premier<\/title>\n<meta name=\"description\" content=\"Fundaci\u00f3n Premier nace con el prop\u00f3sito de mejorar la calidad de vida de los colaboradores de GPO Premier.\" \/>\n<meta name=\"robots\" content=\"index, follow, max-snippet:-1, max-image-preview:large, max-video-preview:-1\" \/>\n<link rel=\"canonical\" href=\"https:\/\/gpopremier.com\/en\/fundacion\/\" \/>\n<meta property=\"og:locale\" content=\"en_US\" \/>\n<meta property=\"og:type\" content=\"article\" \/>\n<meta property=\"og:title\" content=\"Fundaci\u00f3n | GPO Premier\" \/>\n<meta property=\"og:description\" content=\"Fundaci\u00f3n Premier nace con el prop\u00f3sito de mejorar la calidad de vida de los colaboradores de GPO Premier.\" \/>\n<meta property=\"og:url\" content=\"https:\/\/gpopremier.com\/en\/fundacion\/\" \/>\n<meta property=\"og:site_name\" content=\"Grupo Premier\" \/>\n<meta property=\"article:modified_time\" content=\"2025-09-12T23:00:16+00:00\" \/>\n<meta property=\"og:image\" content=\"https:\/\/gpopremier.com\/wp-content\/uploads\/2025\/09\/Recurso-1.png\" \/>\n<meta name=\"twitter:card\" content=\"summary_large_image\" \/>\n<meta name=\"twitter:label1\" content=\"Est. reading time\" \/>\n\t<meta name=\"twitter:data1\" content=\"3 minutes\" \/>\n<script type=\"application\/ld+json\" class=\"yoast-schema-graph\">{\"@context\":\"https:\/\/schema.org\",\"@graph\":[{\"@type\":\"WebPage\",\"@id\":\"https:\/\/gpopremier.com\/fundacion\/\",\"url\":\"https:\/\/gpopremier.com\/fundacion\/\",\"name\":\"Fundaci\u00f3n | GPO Premier\",\"isPartOf\":{\"@id\":\"https:\/\/gpopremier.com\/#website\"},\"primaryImageOfPage\":{\"@id\":\"https:\/\/gpopremier.com\/fundacion\/#primaryimage\"},\"image\":{\"@id\":\"https:\/\/gpopremier.com\/fundacion\/#primaryimage\"},\"thumbnailUrl\":\"https:\/\/gpopremier.com\/wp-content\/uploads\/2025\/09\/Recurso-1.png\",\"datePublished\":\"2025-05-26T17:56:52+00:00\",\"dateModified\":\"2025-09-12T23:00:16+00:00\",\"description\":\"Fundaci\u00f3n Premier nace con el prop\u00f3sito de mejorar la calidad de vida de los colaboradores de GPO Premier.\",\"breadcrumb\":{\"@id\":\"https:\/\/gpopremier.com\/fundacion\/#breadcrumb\"},\"inLanguage\":\"en-US\",\"potentialAction\":[{\"@type\":\"ReadAction\",\"target\":[\"https:\/\/gpopremier.com\/fundacion\/\"]}]},{\"@type\":\"ImageObject\",\"inLanguage\":\"en-US\",\"@id\":\"https:\/\/gpopremier.com\/fundacion\/#primaryimage\",\"url\":\"https:\/\/gpopremier.com\/wp-content\/uploads\/2025\/09\/Recurso-1.png\",\"contentUrl\":\"https:\/\/gpopremier.com\/wp-content\/uploads\/2025\/09\/Recurso-1.png\"},{\"@type\":\"BreadcrumbList\",\"@id\":\"https:\/\/gpopremier.com\/fundacion\/#breadcrumb\",\"itemListElement\":[{\"@type\":\"ListItem\",\"position\":1,\"name\":\"Inicio\",\"item\":\"https:\/\/gpopremier.com\/\"},{\"@type\":\"ListItem\",\"position\":2,\"name\":\"Fundaci\u00f3n\"}]},{\"@type\":\"WebSite\",\"@id\":\"https:\/\/gpopremier.com\/#website\",\"url\":\"https:\/\/gpopremier.com\/\",\"name\":\"Grupo Premier\",\"description\":\"\",\"potentialAction\":[{\"@type\":\"SearchAction\",\"target\":{\"@type\":\"EntryPoint\",\"urlTemplate\":\"https:\/\/gpopremier.com\/?s={search_term_string}\"},\"query-input\":{\"@type\":\"PropertyValueSpecification\",\"valueRequired\":true,\"valueName\":\"search_term_string\"}}],\"inLanguage\":\"en-US\"}]}<\/script>\n<!-- \/ Yoast SEO plugin. -->","yoast_head_json":{"title":"Fundaci\u00f3n | GPO Premier","description":"Fundaci\u00f3n Premier nace con el prop\u00f3sito de mejorar la calidad de vida de los colaboradores de GPO Premier.","robots":{"index":"index","follow":"follow","max-snippet":"max-snippet:-1","max-image-preview":"max-image-preview:large","max-video-preview":"max-video-preview:-1"},"canonical":"https:\/\/gpopremier.com\/en\/fundacion\/","og_locale":"en_US","og_type":"article","og_title":"Fundaci\u00f3n | GPO Premier","og_description":"Fundaci\u00f3n Premier nace con el prop\u00f3sito de mejorar la calidad de vida de los colaboradores de GPO Premier.","og_url":"https:\/\/gpopremier.com\/en\/fundacion\/","og_site_name":"Grupo Premier","article_modified_time":"2025-09-12T23:00:16+00:00","og_image":[{"url":"https:\/\/gpopremier.com\/wp-content\/uploads\/2025\/09\/Recurso-1.png","type":"","width":"","height":""}],"twitter_card":"summary_large_image","twitter_misc":{"Est. reading time":"3 minutes"},"schema":{"@context":"https:\/\/schema.org","@graph":[{"@type":"WebPage","@id":"https:\/\/gpopremier.com\/fundacion\/","url":"https:\/\/gpopremier.com\/fundacion\/","name":"Fundaci\u00f3n | GPO Premier","isPartOf":{"@id":"https:\/\/gpopremier.com\/#website"},"primaryImageOfPage":{"@id":"https:\/\/gpopremier.com\/fundacion\/#primaryimage"},"image":{"@id":"https:\/\/gpopremier.com\/fundacion\/#primaryimage"},"thumbnailUrl":"https:\/\/gpopremier.com\/wp-content\/uploads\/2025\/09\/Recurso-1.png","datePublished":"2025-05-26T17:56:52+00:00","dateModified":"2025-09-12T23:00:16+00:00","description":"Fundaci\u00f3n Premier nace con el prop\u00f3sito de mejorar la calidad de vida de los colaboradores de GPO Premier.","breadcrumb":{"@id":"https:\/\/gpopremier.com\/fundacion\/#breadcrumb"},"inLanguage":"en-US","potentialAction":[{"@type":"ReadAction","target":["https:\/\/gpopremier.com\/fundacion\/"]}]},{"@type":"ImageObject","inLanguage":"en-US","@id":"https:\/\/gpopremier.com\/fundacion\/#primaryimage","url":"https:\/\/gpopremier.com\/wp-content\/uploads\/2025\/09\/Recurso-1.png","contentUrl":"https:\/\/gpopremier.com\/wp-content\/uploads\/2025\/09\/Recurso-1.png"},{"@type":"BreadcrumbList","@id":"https:\/\/gpopremier.com\/fundacion\/#breadcrumb","itemListElement":[{"@type":"ListItem","position":1,"name":"Inicio","item":"https:\/\/gpopremier.com\/"},{"@type":"ListItem","position":2,"name":"Fundaci\u00f3n"}]},{"@type":"WebSite","@id":"https:\/\/gpopremier.com\/#website","url":"https:\/\/gpopremier.com\/","name":"Grupo Premier","description":"","potentialAction":[{"@type":"SearchAction","target":{"@type":"EntryPoint","urlTemplate":"https:\/\/gpopremier.com\/?s={search_term_string}"},"query-input":{"@type":"PropertyValueSpecification","valueRequired":true,"valueName":"search_term_string"}}],"inLanguage":"en-US"}]}},"_hostinger_reach_plugin_has_subscription_block":false,"_hostinger_reach_plugin_is_elementor":false,"_links":{"self":[{"href":"https:\/\/gpopremier.com\/en\/wp-json\/wp\/v2\/pages\/142","targetHints":{"allow":["GET"]}}],"collection":[{"href":"https:\/\/gpopremier.com\/en\/wp-json\/wp\/v2\/pages"}],"about":[{"href":"https:\/\/gpopremier.com\/en\/wp-json\/wp\/v2\/types\/page"}],"author":[{"embeddable":true,"href":"https:\/\/gpopremier.com\/en\/wp-json\/wp\/v2\/users\/1"}],"replies":[{"embeddable":true,"href":"https:\/\/gpopremier.com\/en\/wp-json\/wp\/v2\/comments?post=142"}],"version-history":[{"count":445,"href":"https:\/\/gpopremier.com\/en\/wp-json\/wp\/v2\/pages\/142\/revisions"}],"predecessor-version":[{"id":5356,"href":"https:\/\/gpopremier.com\/en\/wp-json\/wp\/v2\/pages\/142\/revisions\/5356"}],"wp:attachment":[{"href":"https:\/\/gpopremier.com\/en\/wp-json\/wp\/v2\/media?parent=142"}],"curies":[{"name":"wp","href":"https:\/\/api.w.org\/{rel}","templated":true}]}}